{"id":1043,"date":"2023-10-23T16:53:04","date_gmt":"2023-10-23T14:53:04","guid":{"rendered":"https:\/\/www.emsp.int\/?page_id=1043"},"modified":"2024-11-10T07:40:31","modified_gmt":"2024-11-10T07:40:31","slug":"mot-de-bienvenue","status":"publish","type":"page","link":"https:\/\/www.emsp.int\/index.php\/mot-de-bienvenue\/","title":{"rendered":"Mot du Directeur G\u00e9n\u00e9ral"},"content":{"rendered":"\t\t<div data-elementor-type=\"wp-page\" data-elementor-id=\"1043\" class=\"elementor elementor-1043\" data-elementor-post-type=\"page\">\n\t\t\t\t\t\t\t<div class=\"elementor-element elementor-element-4e8720a e-flex e-con-boxed e-con e-parent\" data-id=\"4e8720a\" data-element_type=\"container\" data-settings=\"{&quot;background_background&quot;:&quot;classic&quot;,&quot;content_width&quot;:&quot;boxed&quot;}\" data-core-v316-plus=\"true\">\n\t\t\t\t\t<div class=\"e-con-inner\">\n\t\t\t\t<div class=\"elementor-element elementor-element-035e818 elementor-widget elementor-widget-heading\" data-id=\"035e818\" data-element_type=\"widget\" data-widget_type=\"heading.default\">\n\t\t\t\t<div class=\"elementor-widget-container\">\n\t\t\t<style>\/*! elementor - v3.16.0 - 20-09-2023 *\/\n.elementor-heading-title{padding:0;margin:0;line-height:1}.elementor-widget-heading .elementor-heading-title[class*=elementor-size-]>a{color:inherit;font-size:inherit;line-height:inherit}.elementor-widget-heading .elementor-heading-title.elementor-size-small{font-size:15px}.elementor-widget-heading .elementor-heading-title.elementor-size-medium{font-size:19px}.elementor-widget-heading .elementor-heading-title.elementor-size-large{font-size:29px}.elementor-widget-heading .elementor-heading-title.elementor-size-xl{font-size:39px}.elementor-widget-heading .elementor-heading-title.elementor-size-xxl{font-size:59px}<\/style><h2 class=\"elementor-heading-title elementor-size-default\">MOT DU DIRECTEUR GENERAL<\/h2>\t\t<\/div>\n\t\t\t\t<\/div>\n\t\t\t\t\t<\/div>\n\t\t\t\t<\/div>\n\t\t<div class=\"elementor-element elementor-element-afc3b8c e-flex e-con-boxed e-con e-parent\" data-id=\"afc3b8c\" data-element_type=\"container\" data-settings=\"{&quot;content_width&quot;:&quot;boxed&quot;}\" data-core-v316-plus=\"true\">\n\t\t\t\t\t<div class=\"e-con-inner\">\n\t\t<div class=\"elementor-element elementor-element-94f1b5e e-con-full e-flex e-con e-child\" data-id=\"94f1b5e\" data-element_type=\"container\" data-settings=\"{&quot;content_width&quot;:&quot;full&quot;}\">\n\t\t\t\t<div class=\"elementor-element elementor-element-f1eb356 elementor-widget__width-inherit elementor-widget elementor-widget-image\" data-id=\"f1eb356\" data-element_type=\"widget\" data-widget_type=\"image.default\">\n\t\t\t\t<div class=\"elementor-widget-container\">\n\t\t\t<style>\/*! elementor - v3.16.0 - 20-09-2023 *\/\n.elementor-widget-image{text-align:center}.elementor-widget-image a{display:inline-block}.elementor-widget-image a img[src$=\".svg\"]{width:48px}.elementor-widget-image img{vertical-align:middle;display:inline-block}<\/style>\t\t\t\t\t\t\t\t\t\t\t\t<img loading=\"lazy\" decoding=\"async\" width=\"1062\" height=\"941\" src=\"https:\/\/www.emsp.int\/wp-content\/uploads\/2024\/03\/Img_DirecteurGeneral-2.png\" class=\"attachment-full size-full wp-image-2037\" alt=\"\" srcset=\"https:\/\/www.emsp.int\/wp-content\/uploads\/2024\/03\/Img_DirecteurGeneral-2.png 1062w, https:\/\/www.emsp.int\/wp-content\/uploads\/2024\/03\/Img_DirecteurGeneral-2-300x266.png 300w, https:\/\/www.emsp.int\/wp-content\/uploads\/2024\/03\/Img_DirecteurGeneral-2-1024x907.png 1024w, https:\/\/www.emsp.int\/wp-content\/uploads\/2024\/03\/Img_DirecteurGeneral-2-768x680.png 768w\" sizes=\"(max-width: 1062px) 100vw, 1062px\" \/>\t\t\t\t\t\t\t\t\t\t\t\t\t\t\t<\/div>\n\t\t\t\t<\/div>\n\t\t\t\t<\/div>\n\t\t<div class=\"elementor-element elementor-element-dccd450 e-con-full e-flex e-con e-child\" data-id=\"dccd450\" data-element_type=\"container\" data-settings=\"{&quot;content_width&quot;:&quot;full&quot;}\">\n\t\t\t\t<div class=\"elementor-element elementor-element-c9bb1ea elementor-widget elementor-widget-text-editor\" data-id=\"c9bb1ea\" data-element_type=\"widget\" data-widget_type=\"text-editor.default\">\n\t\t\t\t<div class=\"elementor-widget-container\">\n\t\t\t<style>\/*! elementor - v3.16.0 - 20-09-2023 *\/\n.elementor-widget-text-editor.elementor-drop-cap-view-stacked .elementor-drop-cap{background-color:#69727d;color:#fff}.elementor-widget-text-editor.elementor-drop-cap-view-framed .elementor-drop-cap{color:#69727d;border:3px solid;background-color:transparent}.elementor-widget-text-editor:not(.elementor-drop-cap-view-default) .elementor-drop-cap{margin-top:8px}.elementor-widget-text-editor:not(.elementor-drop-cap-view-default) .elementor-drop-cap-letter{width:1em;height:1em}.elementor-widget-text-editor .elementor-drop-cap{float:left;text-align:center;line-height:1;font-size:50px}.elementor-widget-text-editor .elementor-drop-cap-letter{display:inline-block}<\/style>\t\t\t\t<p>Plus de 50 ans que l\u2019EMSP est au c\u0153ur de la formation et du d\u00e9veloppement des comp\u00e9tences de cadres postaux africains provenant des pays francophone et lusophone. Les mutations op\u00e9r\u00e9es par la Mondialisation ont fortement impact\u00e9 le secteur d\u2019activit\u00e9 avec l\u2019av\u00e8nement des TIC, et une nouvelle g\u00e9n\u00e9ration qui arrive. <br \/>C\u2019est \u00e0 ces d\u00e9fis que veut r\u00e9pondre l\u2019EMSP avec un caract\u00e8re distinctif.<br \/>Avec une maturit\u00e9 acquise au plan p\u00e9dagogique, fruit d\u2019un cheminement exceptionnel depuis 1970 \u00e0 nos jours sous l\u2019impulsion de huit \u00e9tats membres d\u2019Afrique subsaharienne et sous l\u2019\u00e9gide de l\u2019Union Postale Universelle (UPU), l\u2019EMSP s\u2019est vu alors embarqu\u00e9e dans un \u00e9lan novateur, afin de r\u00e9pondre au mieux aux besoins du march\u00e9 de plus en plus exigeants. <br \/>Aujourd\u2019hui, afin de renforcer la r\u00e9silience de l\u2019Afrique dans le domaine du num\u00e9rique et marcher vers un avenir promoteur, l\u2019EMSP promeut les Formations Sup\u00e9rieures en Management de l\u2019Economie Num\u00e9rique (FS MENUM) 2023-2024, proposant un programme universitaire de haut niveau pour des fonctions manag\u00e9riales dans le secteur. <br \/>Impr\u00e9gn\u00e9e d\u2019abn\u00e9gation et de motivation, notre Institution de formation compte donc jouer sa partition dans ce monde du \u2018\u2019tout num\u00e9rique\u2019\u2019, afin de voir \u00e9clore une Afrique cr\u00e9ative, innovante et comp\u00e9titive.<br \/>L&#8217;EMSP cultive depuis sa cr\u00e9ation l\u2019excellence et son positionnement est inh\u00e9rent \u00e0 ses ambitions. Consciente et tr\u00e8s regardante par rapport \u00e0 cette responsabilit\u00e9, je voudrais vous assurer, Chers Lecteurs qui parcourez notre site, que nous croyons en l\u2019avenir de nos futurs Managers form\u00e9s aux comp\u00e9tences manag\u00e9riales du num\u00e9rique pour affronter la bataille des besoins du march\u00e9 de l\u2019emploi.<\/p>\t\t\t\t\t\t<\/div>\n\t\t\t\t<\/div>\n\t\t\t\t<div class=\"elementor-element elementor-element-d103d4e elementor-widget elementor-widget-text-editor\" data-id=\"d103d4e\" data-element_type=\"widget\" data-widget_type=\"text-editor.default\">\n\t\t\t\t<div class=\"elementor-widget-container\">\n\t\t\t\t\t\t\t<p><b>Michel TOURE<br \/><\/b>Directeur G\u00e9n\u00e9ral de l\u2019EMSP<\/p>\t\t\t\t\t\t<\/div>\n\t\t\t\t<\/div>\n\t\t\t\t<\/div>\n\t\t\t\t\t<\/div>\n\t\t\t\t<\/div>\n\t\t\t\t\t\t\t<\/div>\n\t\t","protected":false},"excerpt":{"rendered":"<p>MOT DU DIRECTEUR GENERAL Plus de 50 ans que l\u2019EMSP est au c\u0153ur de la formation et du d\u00e9veloppement des comp\u00e9tences de cadres postaux africains provenant des pays francophone et lusophone. Les mutations op\u00e9r\u00e9es par la Mondialisation ont fortement impact\u00e9 le secteur d\u2019activit\u00e9 avec l\u2019av\u00e8nement des TIC, et une nouvelle g\u00e9n\u00e9ration qui arrive. C\u2019est \u00e0 [&hellip;]<\/p>\n","protected":false},"author":1,"featured_media":0,"parent":0,"menu_order":0,"comment_status":"closed","ping_status":"closed","template":"","meta":{"footnotes":""},"acf":[],"jetpack_sharing_enabled":true,"_links":{"self":[{"href":"https:\/\/www.emsp.int\/index.php\/wp-json\/wp\/v2\/pages\/1043"}],"collection":[{"href":"https:\/\/www.emsp.int\/index.php\/wp-json\/wp\/v2\/pages"}],"about":[{"href":"https:\/\/www.emsp.int\/index.php\/wp-json\/wp\/v2\/types\/page"}],"author":[{"embeddable":true,"href":"https:\/\/www.emsp.int\/index.php\/wp-json\/wp\/v2\/users\/1"}],"replies":[{"embeddable":true,"href":"https:\/\/www.emsp.int\/index.php\/wp-json\/wp\/v2\/comments?post=1043"}],"version-history":[{"count":86,"href":"https:\/\/www.emsp.int\/index.php\/wp-json\/wp\/v2\/pages\/1043\/revisions"}],"predecessor-version":[{"id":3801,"href":"https:\/\/www.emsp.int\/index.php\/wp-json\/wp\/v2\/pages\/1043\/revisions\/3801"}],"wp:attachment":[{"href":"https:\/\/www.emsp.int\/index.php\/wp-json\/wp\/v2\/media?parent=1043"}],"curies":[{"name":"wp","href":"https:\/\/api.w.org\/{rel}","templated":true}]}}