{"id":1045,"date":"2023-10-23T16:59:59","date_gmt":"2023-10-23T14:59:59","guid":{"rendered":"https:\/\/www.emsp.int\/?page_id=1045"},"modified":"2024-05-30T10:49:28","modified_gmt":"2024-05-30T10:49:28","slug":"directeur-des-etudes","status":"publish","type":"page","link":"https:\/\/www.emsp.int\/index.php\/directeur-des-etudes\/","title":{"rendered":"Mot Du Directeur Des Etudes"},"content":{"rendered":"\t\t<div data-elementor-type=\"wp-page\" data-elementor-id=\"1045\" class=\"elementor elementor-1045\" data-elementor-post-type=\"page\">\n\t\t\t\t\t\t\t<div class=\"elementor-element elementor-element-032df93 e-flex e-con-boxed e-con e-parent\" data-id=\"032df93\" data-element_type=\"container\" data-settings=\"{&quot;background_background&quot;:&quot;classic&quot;,&quot;content_width&quot;:&quot;boxed&quot;}\" data-core-v316-plus=\"true\">\n\t\t\t\t\t<div class=\"e-con-inner\">\n\t\t\t\t<div class=\"elementor-element elementor-element-4a2a55c elementor-widget elementor-widget-heading\" data-id=\"4a2a55c\" data-element_type=\"widget\" data-widget_type=\"heading.default\">\n\t\t\t\t<div class=\"elementor-widget-container\">\n\t\t\t<style>\/*! elementor - v3.16.0 - 20-09-2023 *\/\n.elementor-heading-title{padding:0;margin:0;line-height:1}.elementor-widget-heading .elementor-heading-title[class*=elementor-size-]>a{color:inherit;font-size:inherit;line-height:inherit}.elementor-widget-heading .elementor-heading-title.elementor-size-small{font-size:15px}.elementor-widget-heading .elementor-heading-title.elementor-size-medium{font-size:19px}.elementor-widget-heading .elementor-heading-title.elementor-size-large{font-size:29px}.elementor-widget-heading .elementor-heading-title.elementor-size-xl{font-size:39px}.elementor-widget-heading .elementor-heading-title.elementor-size-xxl{font-size:59px}<\/style><h2 class=\"elementor-heading-title elementor-size-default\">Mot Du Directeur Des Etudes<\/h2>\t\t<\/div>\n\t\t\t\t<\/div>\n\t\t\t\t\t<\/div>\n\t\t\t\t<\/div>\n\t\t<div class=\"elementor-element elementor-element-500ddf2 e-flex e-con-boxed e-con e-parent\" data-id=\"500ddf2\" data-element_type=\"container\" data-settings=\"{&quot;content_width&quot;:&quot;boxed&quot;}\" data-core-v316-plus=\"true\">\n\t\t\t\t\t<div class=\"e-con-inner\">\n\t\t<div class=\"elementor-element elementor-element-1c8db50 e-con-full e-flex e-con e-child\" data-id=\"1c8db50\" data-element_type=\"container\" data-settings=\"{&quot;content_width&quot;:&quot;full&quot;}\">\n\t\t\t\t<div class=\"elementor-element elementor-element-7f2b5c6 elementor-widget__width-initial elementor-widget-tablet__width-inherit elementor-widget-mobile__width-inherit elementor-widget elementor-widget-image\" data-id=\"7f2b5c6\" data-element_type=\"widget\" data-widget_type=\"image.default\">\n\t\t\t\t<div class=\"elementor-widget-container\">\n\t\t\t<style>\/*! elementor - v3.16.0 - 20-09-2023 *\/\n.elementor-widget-image{text-align:center}.elementor-widget-image a{display:inline-block}.elementor-widget-image a img[src$=\".svg\"]{width:48px}.elementor-widget-image img{vertical-align:middle;display:inline-block}<\/style>\t\t\t\t\t\t\t\t\t\t\t\t<img loading=\"lazy\" decoding=\"async\" width=\"884\" height=\"647\" src=\"https:\/\/www.emsp.int\/wp-content\/uploads\/2024\/03\/Phtoto_DirecteurDes_Etudes.jpg\" class=\"attachment-full size-full wp-image-2232\" alt=\"\" srcset=\"https:\/\/www.emsp.int\/wp-content\/uploads\/2024\/03\/Phtoto_DirecteurDes_Etudes.jpg 884w, https:\/\/www.emsp.int\/wp-content\/uploads\/2024\/03\/Phtoto_DirecteurDes_Etudes-300x220.jpg 300w, https:\/\/www.emsp.int\/wp-content\/uploads\/2024\/03\/Phtoto_DirecteurDes_Etudes-768x562.jpg 768w\" sizes=\"(max-width: 884px) 100vw, 884px\" \/>\t\t\t\t\t\t\t\t\t\t\t\t\t\t\t<\/div>\n\t\t\t\t<\/div>\n\t\t\t\t<div class=\"elementor-element elementor-element-d03f876 elementor-widget__width-initial elementor-widget-tablet__width-inherit elementor-widget-mobile__width-inherit elementor-widget elementor-widget-text-editor\" data-id=\"d03f876\" data-element_type=\"widget\" data-widget_type=\"text-editor.default\">\n\t\t\t\t<div class=\"elementor-widget-container\">\n\t\t\t<style>\/*! elementor - v3.16.0 - 20-09-2023 *\/\n.elementor-widget-text-editor.elementor-drop-cap-view-stacked .elementor-drop-cap{background-color:#69727d;color:#fff}.elementor-widget-text-editor.elementor-drop-cap-view-framed .elementor-drop-cap{color:#69727d;border:3px solid;background-color:transparent}.elementor-widget-text-editor:not(.elementor-drop-cap-view-default) .elementor-drop-cap{margin-top:8px}.elementor-widget-text-editor:not(.elementor-drop-cap-view-default) .elementor-drop-cap-letter{width:1em;height:1em}.elementor-widget-text-editor .elementor-drop-cap{float:left;text-align:center;line-height:1;font-size:50px}.elementor-widget-text-editor .elementor-drop-cap-letter{display:inline-block}<\/style>\t\t\t\t<p>Chers visiteurs,<\/p><p>La vocation de l\u2019EMSP a toujours \u00e9t\u00e9 marqu\u00e9e du sceau de l\u2019adaptabilit\u00e9 aux besoins de son \u00e9cosyst\u00e8me, en offrant des programmes de formation sans cesse remis au go\u00fbt du jour, et des m\u00e9thodes d\u2019enseignements tr\u00e8s \u00e9volutives.<br \/>En effet, au fil du temps, le programme des Formations Classiques Postales (FCP) qui constituent l\u2019ADN de l\u2019\u00e9cole, a subi plusieurs refontes, avec \u00e0 chaque fois, le m\u00eame d\u00e9sir de le rendre plus en phase avec l\u2019\u00e9volution des diff\u00e9rents m\u00e9tiers de la Poste et des besoins du march\u00e9.<br \/>Aujourd\u2019hui encore, l\u2019EMSP continue son adaptation aux nouveaux besoins de la soci\u00e9t\u00e9, caract\u00e9ris\u00e9s par une \u00e9conomie mondialis\u00e9e et un environnement de plus en plus num\u00e9ris\u00e9. Dans cette perspective, l\u2019Ecole a, depuis la rentr\u00e9e 2023-2024, instaur\u00e9 dans son architecture p\u00e9dagogique le syst\u00e8me LMD, \u00e0 travers l\u2019ouverture de nouveaux parcours de Formations Sup\u00e9rieures en Management de l\u2019Economie Num\u00e9rique (FS MENUM).<\/p>\t\t\t\t\t\t<\/div>\n\t\t\t\t<\/div>\n\t\t\t\t<\/div>\n\t\t\t\t\t<\/div>\n\t\t\t\t<\/div>\n\t\t\t\t\t\t\t<\/div>\n\t\t","protected":false},"excerpt":{"rendered":"<p>Mot Du Directeur Des Etudes Chers visiteurs, La vocation de l\u2019EMSP a toujours \u00e9t\u00e9 marqu\u00e9e du sceau de l\u2019adaptabilit\u00e9 aux besoins de son \u00e9cosyst\u00e8me, en offrant des programmes de formation sans cesse remis au go\u00fbt du jour, et des m\u00e9thodes d\u2019enseignements tr\u00e8s \u00e9volutives.En effet, au fil du temps, le programme des Formations Classiques Postales (FCP) [&hellip;]<\/p>\n","protected":false},"author":1,"featured_media":0,"parent":0,"menu_order":0,"comment_status":"closed","ping_status":"closed","template":"","meta":{"footnotes":""},"acf":[],"jetpack_sharing_enabled":true,"_links":{"self":[{"href":"https:\/\/www.emsp.int\/index.php\/wp-json\/wp\/v2\/pages\/1045"}],"collection":[{"href":"https:\/\/www.emsp.int\/index.php\/wp-json\/wp\/v2\/pages"}],"about":[{"href":"https:\/\/www.emsp.int\/index.php\/wp-json\/wp\/v2\/types\/page"}],"author":[{"embeddable":true,"href":"https:\/\/www.emsp.int\/index.php\/wp-json\/wp\/v2\/users\/1"}],"replies":[{"embeddable":true,"href":"https:\/\/www.emsp.int\/index.php\/wp-json\/wp\/v2\/comments?post=1045"}],"version-history":[{"count":61,"href":"https:\/\/www.emsp.int\/index.php\/wp-json\/wp\/v2\/pages\/1045\/revisions"}],"predecessor-version":[{"id":3137,"href":"https:\/\/www.emsp.int\/index.php\/wp-json\/wp\/v2\/pages\/1045\/revisions\/3137"}],"wp:attachment":[{"href":"https:\/\/www.emsp.int\/index.php\/wp-json\/wp\/v2\/media?parent=1045"}],"curies":[{"name":"wp","href":"https:\/\/api.w.org\/{rel}","templated":true}]}}