{"id":1059,"date":"2023-10-23T17:11:25","date_gmt":"2023-10-23T15:11:25","guid":{"rendered":"https:\/\/www.emsp.int\/?page_id=1059"},"modified":"2024-07-08T17:15:11","modified_gmt":"2024-07-08T17:15:11","slug":"projet-de-lettre-dorientation-generale-2","status":"publish","type":"page","link":"https:\/\/www.emsp.int\/index.php\/projet-de-lettre-dorientation-generale-2\/","title":{"rendered":"Projet de lettre d&#8217;orientation g\u00e9n\u00e9rale"},"content":{"rendered":"\t\t<div data-elementor-type=\"wp-page\" data-elementor-id=\"1059\" class=\"elementor elementor-1059\" data-elementor-post-type=\"page\">\n\t\t\t\t\t\t\t<div class=\"elementor-element elementor-element-af6cec9 e-flex e-con-boxed e-con e-parent\" data-id=\"af6cec9\" data-element_type=\"container\" data-settings=\"{&quot;background_background&quot;:&quot;classic&quot;,&quot;content_width&quot;:&quot;boxed&quot;}\" data-core-v316-plus=\"true\">\n\t\t\t\t\t<div class=\"e-con-inner\">\n\t\t\t\t<div class=\"elementor-element elementor-element-5dab9f6 elementor-widget elementor-widget-heading\" data-id=\"5dab9f6\" data-element_type=\"widget\" data-widget_type=\"heading.default\">\n\t\t\t\t<div class=\"elementor-widget-container\">\n\t\t\t<style>\/*! elementor - v3.16.0 - 20-09-2023 *\/\n.elementor-heading-title{padding:0;margin:0;line-height:1}.elementor-widget-heading .elementor-heading-title[class*=elementor-size-]>a{color:inherit;font-size:inherit;line-height:inherit}.elementor-widget-heading .elementor-heading-title.elementor-size-small{font-size:15px}.elementor-widget-heading .elementor-heading-title.elementor-size-medium{font-size:19px}.elementor-widget-heading .elementor-heading-title.elementor-size-large{font-size:29px}.elementor-widget-heading .elementor-heading-title.elementor-size-xl{font-size:39px}.elementor-widget-heading .elementor-heading-title.elementor-size-xxl{font-size:59px}<\/style><h2 class=\"elementor-heading-title elementor-size-default\">PROJET : DIGITAL TRANSFORMATION CENTER (DTC)<\/h2>\t\t<\/div>\n\t\t\t\t<\/div>\n\t\t\t\t\t<\/div>\n\t\t\t\t<\/div>\n\t\t<div class=\"elementor-element elementor-element-564b6d8 e-flex e-con-boxed e-con e-parent\" data-id=\"564b6d8\" data-element_type=\"container\" data-settings=\"{&quot;background_background&quot;:&quot;classic&quot;,&quot;content_width&quot;:&quot;boxed&quot;}\" data-core-v316-plus=\"true\">\n\t\t\t\t\t<div class=\"e-con-inner\">\n\t\t<div class=\"elementor-element elementor-element-ce90751 e-con-full e-flex e-con e-child\" data-id=\"ce90751\" data-element_type=\"container\" data-settings=\"{&quot;content_width&quot;:&quot;full&quot;}\">\n\t\t\t\t<div class=\"elementor-element elementor-element-50f1819 elementor-invisible elementor-widget elementor-widget-image\" data-id=\"50f1819\" data-element_type=\"widget\" data-settings=\"{&quot;motion_fx_motion_fx_scrolling&quot;:&quot;yes&quot;,&quot;motion_fx_translateY_effect&quot;:&quot;yes&quot;,&quot;_animation&quot;:&quot;fadeInLeft&quot;,&quot;_animation_delay&quot;:200,&quot;motion_fx_translateY_speed&quot;:{&quot;unit&quot;:&quot;px&quot;,&quot;size&quot;:4,&quot;sizes&quot;:[]},&quot;motion_fx_translateY_affectedRange&quot;:{&quot;unit&quot;:&quot;%&quot;,&quot;size&quot;:&quot;&quot;,&quot;sizes&quot;:{&quot;start&quot;:0,&quot;end&quot;:100}},&quot;motion_fx_devices&quot;:[&quot;desktop&quot;,&quot;laptop&quot;,&quot;tablet&quot;,&quot;mobile&quot;]}\" data-widget_type=\"image.default\">\n\t\t\t\t<div class=\"elementor-widget-container\">\n\t\t\t<style>\/*! elementor - v3.16.0 - 20-09-2023 *\/\n.elementor-widget-image{text-align:center}.elementor-widget-image a{display:inline-block}.elementor-widget-image a img[src$=\".svg\"]{width:48px}.elementor-widget-image img{vertical-align:middle;display:inline-block}<\/style>\t\t\t\t\t\t\t\t\t\t\t\t<img loading=\"lazy\" decoding=\"async\" width=\"1080\" height=\"713\" src=\"https:\/\/www.emsp.int\/wp-content\/uploads\/2024\/04\/Img011.png\" class=\"attachment-full size-full wp-image-2622\" alt=\"\" srcset=\"https:\/\/www.emsp.int\/wp-content\/uploads\/2024\/04\/Img011.png 1080w, https:\/\/www.emsp.int\/wp-content\/uploads\/2024\/04\/Img011-300x198.png 300w, https:\/\/www.emsp.int\/wp-content\/uploads\/2024\/04\/Img011-1024x676.png 1024w, https:\/\/www.emsp.int\/wp-content\/uploads\/2024\/04\/Img011-768x507.png 768w\" sizes=\"(max-width: 1080px) 100vw, 1080px\" \/>\t\t\t\t\t\t\t\t\t\t\t\t\t\t\t<\/div>\n\t\t\t\t<\/div>\n\t\t\t\t<div class=\"elementor-element elementor-element-1ed9690 elementor-absolute elementor-invisible elementor-widget elementor-widget-image\" data-id=\"1ed9690\" data-element_type=\"widget\" data-settings=\"{&quot;_position&quot;:&quot;absolute&quot;,&quot;motion_fx_motion_fx_mouse&quot;:&quot;yes&quot;,&quot;motion_fx_mouseTrack_effect&quot;:&quot;yes&quot;,&quot;motion_fx_mouseTrack_direction&quot;:&quot;negative&quot;,&quot;motion_fx_mouseTrack_speed&quot;:{&quot;unit&quot;:&quot;px&quot;,&quot;size&quot;:1.2,&quot;sizes&quot;:[]},&quot;_animation&quot;:&quot;fadeIn&quot;,&quot;_animation_delay&quot;:505}\" data-widget_type=\"image.default\">\n\t\t\t\t<div class=\"elementor-widget-container\">\n\t\t\t\t\t\t\t\t\t\t\t\t\t\t\t<img loading=\"lazy\" decoding=\"async\" width=\"212\" height=\"198\" src=\"https:\/\/www.emsp.int\/wp-content\/uploads\/2023\/09\/forme3.png\" class=\"attachment-full size-full wp-image-193\" alt=\"\" \/>\t\t\t\t\t\t\t\t\t\t\t\t\t\t\t<\/div>\n\t\t\t\t<\/div>\n\t\t\t\t<\/div>\n\t\t<div class=\"elementor-element elementor-element-bee985e e-con-full e-flex e-con e-child\" data-id=\"bee985e\" data-element_type=\"container\" data-settings=\"{&quot;content_width&quot;:&quot;full&quot;}\">\n\t\t\t\t<div class=\"elementor-element elementor-element-1095e16 elementor-widget elementor-widget-heading\" data-id=\"1095e16\" data-element_type=\"widget\" data-widget_type=\"heading.default\">\n\t\t\t\t<div class=\"elementor-widget-container\">\n\t\t\t<h3 class=\"elementor-heading-title elementor-size-default\">REDUIRE LA FRACTURE NUMERIQUE ET FAVORISER SON INCLUSION PAR LA FORMATION<\/h3>\t\t<\/div>\n\t\t\t\t<\/div>\n\t\t\t\t<div class=\"elementor-element elementor-element-d116f6f elementor-widget elementor-widget-text-editor\" data-id=\"d116f6f\" data-element_type=\"widget\" data-widget_type=\"text-editor.default\">\n\t\t\t\t<div class=\"elementor-widget-container\">\n\t\t\t<style>\/*! elementor - v3.16.0 - 20-09-2023 *\/\n.elementor-widget-text-editor.elementor-drop-cap-view-stacked .elementor-drop-cap{background-color:#69727d;color:#fff}.elementor-widget-text-editor.elementor-drop-cap-view-framed .elementor-drop-cap{color:#69727d;border:3px solid;background-color:transparent}.elementor-widget-text-editor:not(.elementor-drop-cap-view-default) .elementor-drop-cap{margin-top:8px}.elementor-widget-text-editor:not(.elementor-drop-cap-view-default) .elementor-drop-cap-letter{width:1em;height:1em}.elementor-widget-text-editor .elementor-drop-cap{float:left;text-align:center;line-height:1;font-size:50px}.elementor-widget-text-editor .elementor-drop-cap-letter{display:inline-block}<\/style>\t\t\t\t<p>\u00a0<\/p><p>Le Digital Transformation Center (DTC) ou Centre de transformation Num\u00e9rique est une institution s\u00e9lectionn\u00e9e par l\u2019Union Internationale des T\u00e9l\u00e9communications (UIT) pour fournir une transformation aux comp\u00e9tences num\u00e9riques aux citoyens d\u2019une r\u00e9gion. Ils offrent des services de formation en ligne ou en pr\u00e9sentiel. L\u2019initiative a \u00e9t\u00e9 lanc\u00e9e en 2019 par l\u2019UIT en partenariat avec Cisco, et s\u2019inscrit dans le cadre des efforts de l\u2019UIT pour r\u00e9duire la fracture num\u00e9rique et promouvoir l\u2019inclusion num\u00e9rique pour tous.<\/p><p>Dans ce cadre, l\u2019EMSP d\u2019Abidjan a \u00e9t\u00e9 s\u00e9lectionn\u00e9e comme DTC pour toute l\u2019Afrique Francophone de l\u2019Ouest.<\/p><p>Pour savoir plus, cliquer sur le lien suivant\u00a0: <a href=\"https:\/\/dtc.emsp.int\/index.php\">https:\/\/dtc.emsp.int\/index.php<\/a><\/p>\t\t\t\t\t\t<\/div>\n\t\t\t\t<\/div>\n\t\t\t\t<\/div>\n\t\t\t\t\t<\/div>\n\t\t\t\t<\/div>\n\t\t\t\t\t\t\t<\/div>\n\t\t","protected":false},"excerpt":{"rendered":"<p>PROJET : DIGITAL TRANSFORMATION CENTER (DTC) REDUIRE LA FRACTURE NUMERIQUE ET FAVORISER SON INCLUSION PAR LA FORMATION \u00a0 Le Digital Transformation Center (DTC) ou Centre de transformation Num\u00e9rique est une institution s\u00e9lectionn\u00e9e par l\u2019Union Internationale des T\u00e9l\u00e9communications (UIT) pour fournir une transformation aux comp\u00e9tences num\u00e9riques aux citoyens d\u2019une r\u00e9gion. Ils offrent des services de formation [&hellip;]<\/p>\n","protected":false},"author":1,"featured_media":0,"parent":0,"menu_order":0,"comment_status":"closed","ping_status":"closed","template":"","meta":{"footnotes":""},"acf":[],"jetpack_sharing_enabled":true,"_links":{"self":[{"href":"https:\/\/www.emsp.int\/index.php\/wp-json\/wp\/v2\/pages\/1059"}],"collection":[{"href":"https:\/\/www.emsp.int\/index.php\/wp-json\/wp\/v2\/pages"}],"about":[{"href":"https:\/\/www.emsp.int\/index.php\/wp-json\/wp\/v2\/types\/page"}],"author":[{"embeddable":true,"href":"https:\/\/www.emsp.int\/index.php\/wp-json\/wp\/v2\/users\/1"}],"replies":[{"embeddable":true,"href":"https:\/\/www.emsp.int\/index.php\/wp-json\/wp\/v2\/comments?post=1059"}],"version-history":[{"count":25,"href":"https:\/\/www.emsp.int\/index.php\/wp-json\/wp\/v2\/pages\/1059\/revisions"}],"predecessor-version":[{"id":3450,"href":"https:\/\/www.emsp.int\/index.php\/wp-json\/wp\/v2\/pages\/1059\/revisions\/3450"}],"wp:attachment":[{"href":"https:\/\/www.emsp.int\/index.php\/wp-json\/wp\/v2\/media?parent=1059"}],"curies":[{"name":"wp","href":"https:\/\/api.w.org\/{rel}","templated":true}]}}