{"id":2161,"date":"2024-03-19T19:38:34","date_gmt":"2024-03-19T19:38:34","guid":{"rendered":"https:\/\/www.emsp.int\/?page_id=2161"},"modified":"2024-08-23T16:35:00","modified_gmt":"2024-08-23T16:35:00","slug":"formation-courte-duree-fcd","status":"publish","type":"page","link":"https:\/\/www.emsp.int\/index.php\/formation-courte-duree-fcd\/","title":{"rendered":"Formation moyenne dur\u00e9e (FMD)"},"content":{"rendered":"\t\t<div data-elementor-type=\"wp-page\" data-elementor-id=\"2161\" class=\"elementor elementor-2161\" data-elementor-post-type=\"page\">\n\t\t\t\t\t\t\t<div class=\"elementor-element elementor-element-dee3b84 e-flex e-con-boxed e-con e-parent\" data-id=\"dee3b84\" data-element_type=\"container\" data-settings=\"{&quot;background_background&quot;:&quot;classic&quot;,&quot;content_width&quot;:&quot;boxed&quot;}\" data-core-v316-plus=\"true\">\n\t\t\t\t\t<div class=\"e-con-inner\">\n\t\t\t\t<div class=\"elementor-element elementor-element-9bfe995 elementor-widget elementor-widget-heading\" data-id=\"9bfe995\" data-element_type=\"widget\" data-widget_type=\"heading.default\">\n\t\t\t\t<div class=\"elementor-widget-container\">\n\t\t\t<style>\/*! elementor - v3.16.0 - 20-09-2023 *\/\n.elementor-heading-title{padding:0;margin:0;line-height:1}.elementor-widget-heading .elementor-heading-title[class*=elementor-size-]>a{color:inherit;font-size:inherit;line-height:inherit}.elementor-widget-heading .elementor-heading-title.elementor-size-small{font-size:15px}.elementor-widget-heading .elementor-heading-title.elementor-size-medium{font-size:19px}.elementor-widget-heading .elementor-heading-title.elementor-size-large{font-size:29px}.elementor-widget-heading .elementor-heading-title.elementor-size-xl{font-size:39px}.elementor-widget-heading .elementor-heading-title.elementor-size-xxl{font-size:59px}<\/style><h2 class=\"elementor-heading-title elementor-size-default\">Formations de Moyenne Dur\u00e9e (FMD)<\/h2>\t\t<\/div>\n\t\t\t\t<\/div>\n\t\t\t\t\t<\/div>\n\t\t\t\t<\/div>\n\t\t<div class=\"elementor-element elementor-element-81ff9c1 e-flex e-con-boxed e-con e-parent\" data-id=\"81ff9c1\" data-element_type=\"container\" data-settings=\"{&quot;background_background&quot;:&quot;classic&quot;,&quot;content_width&quot;:&quot;boxed&quot;}\" data-core-v316-plus=\"true\">\n\t\t\t\t\t<div class=\"e-con-inner\">\n\t\t<div class=\"elementor-element elementor-element-605f4f3 e-con-full e-flex e-con e-child\" data-id=\"605f4f3\" data-element_type=\"container\" data-settings=\"{&quot;content_width&quot;:&quot;full&quot;}\">\n\t\t<div class=\"elementor-element elementor-element-642ebf0 e-con-full e-flex e-con e-child\" data-id=\"642ebf0\" data-element_type=\"container\" data-settings=\"{&quot;content_width&quot;:&quot;full&quot;,&quot;background_background&quot;:&quot;classic&quot;}\">\n\t\t\t\t<div class=\"elementor-element elementor-element-e3f527c elementor-view-default elementor-widget elementor-widget-icon\" data-id=\"e3f527c\" data-element_type=\"widget\" data-widget_type=\"icon.default\">\n\t\t\t\t<div class=\"elementor-widget-container\">\n\t\t\t\t\t<div class=\"elementor-icon-wrapper\">\n\t\t\t<div class=\"elementor-icon\">\n\t\t\t<svg xmlns=\"http:\/\/www.w3.org\/2000\/svg\" width=\"75\" height=\"51\" viewBox=\"0 0 75 51\" fill=\"none\"><path d=\"M37.5 0.800781L38.5986 1.38672L70.2393 17.793L74.2676 19.8438L60.9375 26.6553V38.5938C60.9375 39.5703 60.5957 40.4248 59.9121 41.1572C59.5215 41.5479 58.8867 41.9873 58.0078 42.4756C56.7383 43.1104 55.0537 43.6719 52.9541 44.1602C48.5596 45.1367 43.4082 45.625 37.5 45.625C31.5918 45.625 26.4404 45.1367 22.0459 44.1602C19.9463 43.6719 18.2617 43.1104 16.9922 42.4756C16.1133 41.9873 15.4785 41.5479 15.0879 41.1572C14.4043 40.4248 14.0625 39.5703 14.0625 38.5938V26.6553L9.375 24.2383V41.5967C10.1074 42.0361 10.6689 42.6221 11.0596 43.3545C11.499 44.0381 11.7188 44.7949 11.7188 45.625C11.7188 46.9434 11.2549 48.0664 10.3271 48.9941C9.44824 49.873 8.34961 50.3125 7.03125 50.3125C5.71289 50.3125 4.58984 49.873 3.66211 48.9941C2.7832 48.0664 2.34375 46.9434 2.34375 45.625C2.34375 44.7949 2.53906 44.0381 2.92969 43.3545C3.36914 42.6221 3.95508 42.0361 4.6875 41.5967V21.8213L0.732422 19.8438L4.76074 17.793L36.4014 1.38672L37.5 0.800781ZM37.5 6.07422L10.9863 19.8438L15.1611 21.9678C15.6006 21.4795 16.2109 21.04 16.9922 20.6494C18.2129 20.0146 19.8975 19.4531 22.0459 18.9648C26.3916 17.9883 31.543 17.5 37.5 17.5C43.457 17.5 48.6084 17.9883 52.9541 18.9648C55.1025 19.4531 56.7871 20.0146 58.0078 20.6494C58.7891 21.04 59.3994 21.4795 59.8389 21.9678L64.0137 19.8438L37.5 6.07422ZM37.5 22.1875C31.7871 22.1875 26.9775 22.627 23.0713 23.5059C21.2646 23.8965 19.9463 24.3115 19.1162 24.751C19.0186 24.7998 18.9209 24.873 18.8232 24.9707L18.75 25.0439V33.9795C19.7754 33.5889 20.874 33.2715 22.0459 33.0273C26.4404 32.0508 31.5918 31.5625 37.5 31.5625C43.4082 31.5625 48.5596 32.0508 52.9541 33.0273C54.126 33.2715 55.2246 33.5889 56.25 33.9795V25.0439L56.1768 24.9707C56.0791 24.873 55.9814 24.7998 55.8838 24.751C55.0537 24.3115 53.7354 23.8965 51.9287 23.5059C48.0225 22.627 43.2129 22.1875 37.5 22.1875ZM37.5 36.25C31.8359 36.25 27.0264 36.6895 23.0713 37.5684C21.8994 37.8125 20.8252 38.1543 19.8486 38.5938C20.8252 39.0332 21.8994 39.375 23.0713 39.6191C27.0264 40.498 31.8359 40.9375 37.5 40.9375C43.1641 40.9375 47.9736 40.498 51.9287 39.6191C53.1006 39.375 54.1748 39.0332 55.1514 38.5938C54.1748 38.1543 53.1006 37.8125 51.9287 37.5684C47.9736 36.6895 43.1641 36.25 37.5 36.25Z\" fill=\"#086136\"><\/path><\/svg>\t\t\t<\/div>\n\t\t<\/div>\n\t\t\t\t<\/div>\n\t\t\t\t<\/div>\n\t\t\t\t<div class=\"elementor-element elementor-element-8aecb6a elementor-widget elementor-widget-heading\" data-id=\"8aecb6a\" data-element_type=\"widget\" data-widget_type=\"heading.default\">\n\t\t\t\t<div class=\"elementor-widget-container\">\n\t\t\t<h3 class=\"elementor-heading-title elementor-size-default\">Des Formations de 1 \u00e0 3 mois d\u00e9bouchant sur des Certificats dans les domaines suivants :<\/h3>\t\t<\/div>\n\t\t\t\t<\/div>\n\t\t<div class=\"elementor-element elementor-element-cf46808 e-flex e-con-boxed e-con e-child\" data-id=\"cf46808\" data-element_type=\"container\" data-settings=\"{&quot;content_width&quot;:&quot;boxed&quot;}\">\n\t\t\t\t\t<div class=\"e-con-inner\">\n\t\t\t\t<div class=\"elementor-element elementor-element-309647f elementor-widget__width-initial elementor-widget-mobile__width-inherit elementor-widget elementor-widget-text-editor\" data-id=\"309647f\" data-element_type=\"widget\" data-widget_type=\"text-editor.default\">\n\t\t\t\t<div class=\"elementor-widget-container\">\n\t\t\t<style>\/*! elementor - v3.16.0 - 20-09-2023 *\/\n.elementor-widget-text-editor.elementor-drop-cap-view-stacked .elementor-drop-cap{background-color:#69727d;color:#fff}.elementor-widget-text-editor.elementor-drop-cap-view-framed .elementor-drop-cap{color:#69727d;border:3px solid;background-color:transparent}.elementor-widget-text-editor:not(.elementor-drop-cap-view-default) .elementor-drop-cap{margin-top:8px}.elementor-widget-text-editor:not(.elementor-drop-cap-view-default) .elementor-drop-cap-letter{width:1em;height:1em}.elementor-widget-text-editor .elementor-drop-cap{float:left;text-align:center;line-height:1;font-size:50px}.elementor-widget-text-editor .elementor-drop-cap-letter{display:inline-block}<\/style>\t\t\t\t<ul><li>Secteur Postal<\/li><li>Courrier et Colis Postaux<\/li><li>Courrier Hybride<\/li><li>Organisation et Gestion d\u2019un Bureau de Poste<\/li><li>Organisation et Gestion d\u2019un Centre de Tri Postal<\/li><li>Gestion des Centres et des Services Financiers<\/li><li>Gestion des R\u00e9clamations et du Contentieux<\/li><li>Frais Terminaux et Comptabilit\u00e9 Postale Internationale<\/li><\/ul>\t\t\t\t\t\t<\/div>\n\t\t\t\t<\/div>\n\t\t\t\t<div class=\"elementor-element elementor-element-0372c7f elementor-widget__width-initial elementor-widget-mobile__width-inherit elementor-widget elementor-widget-text-editor\" data-id=\"0372c7f\" data-element_type=\"widget\" data-widget_type=\"text-editor.default\">\n\t\t\t\t<div class=\"elementor-widget-container\">\n\t\t\t\t\t\t\t<ul><li>Syst\u00e8me d\u2019Adressage et Codes Postaux<\/li><li>Qualit\u00e9 de Service<\/li><li>TIC et Innovation Postale<\/li><li>Technologies Postales<\/li><li>Poste Physique<\/li><li>Poste Financi\u00e8re<\/li><li>Poste Num\u00e9rique<\/li><li>Poste Commerciale<\/li><li>Mon\u00e9tique et Transfert d\u2019Argent<\/li><li>R\u00e9gulation du Num\u00e9rique et des Services Financiers Electroniques (SFE)<\/li><\/ul>\t\t\t\t\t\t<\/div>\n\t\t\t\t<\/div>\n\t\t\t\t\t<\/div>\n\t\t\t\t<\/div>\n\t\t\t\t<\/div>\n\t\t\t\t<\/div>\n\t\t\t\t\t<\/div>\n\t\t\t\t<\/div>\n\t\t\t\t\t\t\t<\/div>\n\t\t","protected":false},"excerpt":{"rendered":"<p>Formations de Moyenne Dur\u00e9e (FMD) Des Formations de 1 \u00e0 3 mois d\u00e9bouchant sur des Certificats dans les domaines suivants : Secteur Postal Courrier et Colis Postaux Courrier Hybride Organisation et Gestion d\u2019un Bureau de Poste Organisation et Gestion d\u2019un Centre de Tri Postal Gestion des Centres et des Services Financiers Gestion des R\u00e9clamations et [&hellip;]<\/p>\n","protected":false},"author":1,"featured_media":0,"parent":0,"menu_order":0,"comment_status":"closed","ping_status":"closed","template":"","meta":{"footnotes":""},"acf":[],"jetpack_sharing_enabled":true,"_links":{"self":[{"href":"https:\/\/www.emsp.int\/index.php\/wp-json\/wp\/v2\/pages\/2161"}],"collection":[{"href":"https:\/\/www.emsp.int\/index.php\/wp-json\/wp\/v2\/pages"}],"about":[{"href":"https:\/\/www.emsp.int\/index.php\/wp-json\/wp\/v2\/types\/page"}],"author":[{"embeddable":true,"href":"https:\/\/www.emsp.int\/index.php\/wp-json\/wp\/v2\/users\/1"}],"replies":[{"embeddable":true,"href":"https:\/\/www.emsp.int\/index.php\/wp-json\/wp\/v2\/comments?post=2161"}],"version-history":[{"count":17,"href":"https:\/\/www.emsp.int\/index.php\/wp-json\/wp\/v2\/pages\/2161\/revisions"}],"predecessor-version":[{"id":3632,"href":"https:\/\/www.emsp.int\/index.php\/wp-json\/wp\/v2\/pages\/2161\/revisions\/3632"}],"wp:attachment":[{"href":"https:\/\/www.emsp.int\/index.php\/wp-json\/wp\/v2\/media?parent=2161"}],"curies":[{"name":"wp","href":"https:\/\/api.w.org\/{rel}","templated":true}]}}