{"id":2207,"date":"2024-03-20T11:46:55","date_gmt":"2024-03-20T11:46:55","guid":{"rendered":"https:\/\/www.emsp.int\/?page_id=2207"},"modified":"2024-10-11T11:14:41","modified_gmt":"2024-10-11T11:14:41","slug":"master-specialise-en-regulation","status":"publish","type":"page","link":"https:\/\/www.emsp.int\/index.php\/master-specialise-en-regulation\/","title":{"rendered":"Mast\u00e8re Sp\u00e9cialis\u00e9 en R\u00e9gulation du Num\u00e9rique"},"content":{"rendered":"\t\t<div data-elementor-type=\"wp-page\" data-elementor-id=\"2207\" class=\"elementor elementor-2207\" data-elementor-post-type=\"page\">\n\t\t\t\t\t\t\t<div class=\"elementor-element elementor-element-aabafd2 e-flex e-con-boxed e-con e-parent\" data-id=\"aabafd2\" data-element_type=\"container\" data-settings=\"{&quot;background_background&quot;:&quot;classic&quot;,&quot;content_width&quot;:&quot;boxed&quot;}\" data-core-v316-plus=\"true\">\n\t\t\t\t\t<div class=\"e-con-inner\">\n\t\t\t\t<div class=\"elementor-element elementor-element-22927c9 elementor-widget elementor-widget-heading\" data-id=\"22927c9\" data-element_type=\"widget\" data-widget_type=\"heading.default\">\n\t\t\t\t<div class=\"elementor-widget-container\">\n\t\t\t<style>\/*! elementor - v3.16.0 - 20-09-2023 *\/\n.elementor-heading-title{padding:0;margin:0;line-height:1}.elementor-widget-heading .elementor-heading-title[class*=elementor-size-]>a{color:inherit;font-size:inherit;line-height:inherit}.elementor-widget-heading .elementor-heading-title.elementor-size-small{font-size:15px}.elementor-widget-heading .elementor-heading-title.elementor-size-medium{font-size:19px}.elementor-widget-heading .elementor-heading-title.elementor-size-large{font-size:29px}.elementor-widget-heading .elementor-heading-title.elementor-size-xl{font-size:39px}.elementor-widget-heading .elementor-heading-title.elementor-size-xxl{font-size:59px}<\/style><h2 class=\"elementor-heading-title elementor-size-default\">Mast\u00e8re Sp\u00e9cialis\u00e9 en R\u00e9gulation du Num\u00e9rique (MS-RegNUM)<\/h2>\t\t<\/div>\n\t\t\t\t<\/div>\n\t\t\t\t\t<\/div>\n\t\t\t\t<\/div>\n\t\t<div class=\"elementor-element elementor-element-5302bec e-flex e-con-boxed e-con e-parent\" data-id=\"5302bec\" data-element_type=\"container\" data-settings=\"{&quot;background_background&quot;:&quot;classic&quot;,&quot;content_width&quot;:&quot;boxed&quot;}\" data-core-v316-plus=\"true\">\n\t\t\t\t\t<div class=\"e-con-inner\">\n\t\t<div class=\"elementor-element elementor-element-5528e91 e-con-full e-flex e-con e-child\" data-id=\"5528e91\" data-element_type=\"container\" data-settings=\"{&quot;content_width&quot;:&quot;full&quot;}\">\n\t\t\t\t<div class=\"elementor-element elementor-element-86bd6d0 elementor-invisible elementor-widget elementor-widget-image\" data-id=\"86bd6d0\" data-element_type=\"widget\" data-settings=\"{&quot;motion_fx_motion_fx_scrolling&quot;:&quot;yes&quot;,&quot;motion_fx_translateY_effect&quot;:&quot;yes&quot;,&quot;_animation&quot;:&quot;fadeInLeft&quot;,&quot;_animation_delay&quot;:200,&quot;motion_fx_translateY_speed&quot;:{&quot;unit&quot;:&quot;px&quot;,&quot;size&quot;:4,&quot;sizes&quot;:[]},&quot;motion_fx_translateY_affectedRange&quot;:{&quot;unit&quot;:&quot;%&quot;,&quot;size&quot;:&quot;&quot;,&quot;sizes&quot;:{&quot;start&quot;:0,&quot;end&quot;:100}},&quot;motion_fx_devices&quot;:[&quot;desktop&quot;,&quot;laptop&quot;,&quot;tablet&quot;,&quot;mobile&quot;]}\" data-widget_type=\"image.default\">\n\t\t\t\t<div class=\"elementor-widget-container\">\n\t\t\t<style>\/*! elementor - v3.16.0 - 20-09-2023 *\/\n.elementor-widget-image{text-align:center}.elementor-widget-image a{display:inline-block}.elementor-widget-image a img[src$=\".svg\"]{width:48px}.elementor-widget-image img{vertical-align:middle;display:inline-block}<\/style>\t\t\t\t\t\t\t\t\t<figure class=\"wp-caption\">\n\t\t\t\t\t\t\t\t\t\t<img loading=\"lazy\" decoding=\"async\" width=\"800\" height=\"600\" src=\"https:\/\/www.emsp.int\/wp-content\/uploads\/2024\/04\/Img014-1024x768.png\" class=\"attachment-large size-large wp-image-2680\" alt=\"\" srcset=\"https:\/\/www.emsp.int\/wp-content\/uploads\/2024\/04\/Img014-1024x768.png 1024w, https:\/\/www.emsp.int\/wp-content\/uploads\/2024\/04\/Img014-300x225.png 300w, https:\/\/www.emsp.int\/wp-content\/uploads\/2024\/04\/Img014-768x576.png 768w, https:\/\/www.emsp.int\/wp-content\/uploads\/2024\/04\/Img014.png 1280w\" sizes=\"(max-width: 800px) 100vw, 800px\" \/>\t\t\t\t\t\t\t\t\t\t\t<figcaption class=\"widget-image-caption wp-caption-text\">Promotion 2023-2025<\/figcaption>\n\t\t\t\t\t\t\t\t\t\t<\/figure>\n\t\t\t\t\t\t\t\t\t<\/div>\n\t\t\t\t<\/div>\n\t\t\t\t<\/div>\n\t\t<div class=\"elementor-element elementor-element-a03f40e e-con-full e-flex e-con e-child\" data-id=\"a03f40e\" data-element_type=\"container\" data-settings=\"{&quot;content_width&quot;:&quot;full&quot;}\">\n\t\t\t\t<div class=\"elementor-element elementor-element-bfcbc5f elementor-widget elementor-widget-text-editor\" data-id=\"bfcbc5f\" data-element_type=\"widget\" data-widget_type=\"text-editor.default\">\n\t\t\t\t<div class=\"elementor-widget-container\">\n\t\t\t<style>\/*! elementor - v3.16.0 - 20-09-2023 *\/\n.elementor-widget-text-editor.elementor-drop-cap-view-stacked .elementor-drop-cap{background-color:#69727d;color:#fff}.elementor-widget-text-editor.elementor-drop-cap-view-framed .elementor-drop-cap{color:#69727d;border:3px solid;background-color:transparent}.elementor-widget-text-editor:not(.elementor-drop-cap-view-default) .elementor-drop-cap{margin-top:8px}.elementor-widget-text-editor:not(.elementor-drop-cap-view-default) .elementor-drop-cap-letter{width:1em;height:1em}.elementor-widget-text-editor .elementor-drop-cap{float:left;text-align:center;line-height:1;font-size:50px}.elementor-widget-text-editor .elementor-drop-cap-letter{display:inline-block}<\/style>\t\t\t\t<p>L\u2019EMSP, en partenariat avec T\u00e9l\u00e9coms Paris, l\u2019ARCEP du Burkina Faso, l\u2019ARTCI, l\u2019ARCEP de France, la CNIL et dans le cadre des actions du FRATEL, participe \u00e0 un programme de formations accr\u00e9dit\u00e9es par la Conf\u00e9rence des Grandes Ecoles (CGE) fran\u00e7aises.<\/p><p>Il s\u2019agit du Mast\u00e8re Sp\u00e9cialis\u00e9 (MS) en R\u00e9gulation du Num\u00e9rique (RegNUM) et de trois (3) Brevet d\u2019Aptitude D\u00e9livr\u00e9 par les Grandes Ecoles (BADGE) fran\u00e7aises dans les domaines suivants\u00a0:<\/p><ul><li>BADGE en R\u00e9gulation des T\u00e9l\u00e9communications(RegTel)<\/li><li>BADGE en R\u00e9gulation de la Finance Electronique et des Postes (RegFeP)<\/li><li>BADGE en R\u00e9gulation de l\u2019Internet et des contenus (RegInt)<\/li><\/ul><p>Ces formations de haut niveau se d\u00e9roulent en alternance entre Paris, Ouagadougou et Abidjan sur huit (8) Sessions de deux (2) semaines chacune, \u00e9tal\u00e9es sur une p\u00e9riode de dix-huit (18) mois.<\/p>\t\t\t\t\t\t<\/div>\n\t\t\t\t<\/div>\n\t\t\t\t<\/div>\n\t\t\t\t\t<\/div>\n\t\t\t\t<\/div>\n\t\t\t\t\t\t\t<\/div>\n\t\t","protected":false},"excerpt":{"rendered":"<p>Mast\u00e8re Sp\u00e9cialis\u00e9 en R\u00e9gulation du Num\u00e9rique (MS-RegNUM) Promotion 2023-2025 L\u2019EMSP, en partenariat avec T\u00e9l\u00e9coms Paris, l\u2019ARCEP du Burkina Faso, l\u2019ARTCI, l\u2019ARCEP de France, la CNIL et dans le cadre des actions du FRATEL, participe \u00e0 un programme de formations accr\u00e9dit\u00e9es par la Conf\u00e9rence des Grandes Ecoles (CGE) fran\u00e7aises. Il s\u2019agit du Mast\u00e8re Sp\u00e9cialis\u00e9 (MS) en [&hellip;]<\/p>\n","protected":false},"author":1,"featured_media":0,"parent":0,"menu_order":0,"comment_status":"closed","ping_status":"closed","template":"","meta":{"footnotes":""},"acf":[],"jetpack_sharing_enabled":true,"_links":{"self":[{"href":"https:\/\/www.emsp.int\/index.php\/wp-json\/wp\/v2\/pages\/2207"}],"collection":[{"href":"https:\/\/www.emsp.int\/index.php\/wp-json\/wp\/v2\/pages"}],"about":[{"href":"https:\/\/www.emsp.int\/index.php\/wp-json\/wp\/v2\/types\/page"}],"author":[{"embeddable":true,"href":"https:\/\/www.emsp.int\/index.php\/wp-json\/wp\/v2\/users\/1"}],"replies":[{"embeddable":true,"href":"https:\/\/www.emsp.int\/index.php\/wp-json\/wp\/v2\/comments?post=2207"}],"version-history":[{"count":31,"href":"https:\/\/www.emsp.int\/index.php\/wp-json\/wp\/v2\/pages\/2207\/revisions"}],"predecessor-version":[{"id":3743,"href":"https:\/\/www.emsp.int\/index.php\/wp-json\/wp\/v2\/pages\/2207\/revisions\/3743"}],"wp:attachment":[{"href":"https:\/\/www.emsp.int\/index.php\/wp-json\/wp\/v2\/media?parent=2207"}],"curies":[{"name":"wp","href":"https:\/\/api.w.org\/{rel}","templated":true}]}}