{"id":2350,"date":"2024-03-28T10:56:40","date_gmt":"2024-03-28T10:56:40","guid":{"rendered":"https:\/\/www.emsp.int\/?page_id=2350"},"modified":"2024-05-15T16:12:57","modified_gmt":"2024-05-15T16:12:57","slug":"vie-sur-le-campus","status":"publish","type":"page","link":"https:\/\/www.emsp.int\/index.php\/vie-sur-le-campus\/","title":{"rendered":"VIE SUR LE CAMPUS"},"content":{"rendered":"\t\t<div data-elementor-type=\"wp-page\" data-elementor-id=\"2350\" class=\"elementor elementor-2350\" data-elementor-post-type=\"page\">\n\t\t\t\t\t\t\t<div class=\"elementor-element elementor-element-57f141e e-flex e-con-boxed e-con e-parent\" data-id=\"57f141e\" data-element_type=\"container\" data-settings=\"{&quot;background_background&quot;:&quot;classic&quot;,&quot;content_width&quot;:&quot;boxed&quot;}\" data-core-v316-plus=\"true\">\n\t\t\t\t\t<div class=\"e-con-inner\">\n\t\t\t\t<div class=\"elementor-element elementor-element-7ce81f9 elementor-widget elementor-widget-heading\" data-id=\"7ce81f9\" data-element_type=\"widget\" data-widget_type=\"heading.default\">\n\t\t\t\t<div class=\"elementor-widget-container\">\n\t\t\t<style>\/*! elementor - v3.16.0 - 20-09-2023 *\/\n.elementor-heading-title{padding:0;margin:0;line-height:1}.elementor-widget-heading .elementor-heading-title[class*=elementor-size-]>a{color:inherit;font-size:inherit;line-height:inherit}.elementor-widget-heading .elementor-heading-title.elementor-size-small{font-size:15px}.elementor-widget-heading .elementor-heading-title.elementor-size-medium{font-size:19px}.elementor-widget-heading .elementor-heading-title.elementor-size-large{font-size:29px}.elementor-widget-heading .elementor-heading-title.elementor-size-xl{font-size:39px}.elementor-widget-heading .elementor-heading-title.elementor-size-xxl{font-size:59px}<\/style><h2 class=\"elementor-heading-title elementor-size-default\">VIE SUR LE CAMPUS<\/h2>\t\t<\/div>\n\t\t\t\t<\/div>\n\t\t\t\t\t<\/div>\n\t\t\t\t<\/div>\n\t\t<div class=\"elementor-element elementor-element-d9cb6c2 e-flex e-con-boxed e-con e-parent\" data-id=\"d9cb6c2\" data-element_type=\"container\" data-settings=\"{&quot;content_width&quot;:&quot;boxed&quot;}\" data-core-v316-plus=\"true\">\n\t\t\t\t\t<div class=\"e-con-inner\">\n\t\t<div class=\"elementor-element elementor-element-87d216d e-con-full e-flex e-con e-child\" data-id=\"87d216d\" data-element_type=\"container\" data-settings=\"{&quot;content_width&quot;:&quot;full&quot;,&quot;background_background&quot;:&quot;classic&quot;}\">\n\t\t\t\t<div class=\"elementor-element elementor-element-577c8e1 elementor-invisible elementor-widget elementor-widget-image\" data-id=\"577c8e1\" data-element_type=\"widget\" data-settings=\"{&quot;motion_fx_motion_fx_scrolling&quot;:&quot;yes&quot;,&quot;motion_fx_translateY_effect&quot;:&quot;yes&quot;,&quot;_animation&quot;:&quot;fadeInLeft&quot;,&quot;_animation_delay&quot;:200,&quot;motion_fx_translateY_speed&quot;:{&quot;unit&quot;:&quot;px&quot;,&quot;size&quot;:4,&quot;sizes&quot;:[]},&quot;motion_fx_translateY_affectedRange&quot;:{&quot;unit&quot;:&quot;%&quot;,&quot;size&quot;:&quot;&quot;,&quot;sizes&quot;:{&quot;start&quot;:0,&quot;end&quot;:100}},&quot;motion_fx_devices&quot;:[&quot;desktop&quot;,&quot;laptop&quot;,&quot;tablet&quot;,&quot;mobile&quot;]}\" data-widget_type=\"image.default\">\n\t\t\t\t<div class=\"elementor-widget-container\">\n\t\t\t<style>\/*! elementor - v3.16.0 - 20-09-2023 *\/\n.elementor-widget-image{text-align:center}.elementor-widget-image a{display:inline-block}.elementor-widget-image a img[src$=\".svg\"]{width:48px}.elementor-widget-image img{vertical-align:middle;display:inline-block}<\/style>\t\t\t\t\t\t\t\t\t\t\t\t<img loading=\"lazy\" decoding=\"async\" width=\"596\" height=\"596\" src=\"https:\/\/www.emsp.int\/wp-content\/uploads\/2024\/04\/Ellipse-.png\" class=\"attachment-full size-full wp-image-2718\" alt=\"\" srcset=\"https:\/\/www.emsp.int\/wp-content\/uploads\/2024\/04\/Ellipse-.png 596w, https:\/\/www.emsp.int\/wp-content\/uploads\/2024\/04\/Ellipse--300x300.png 300w, https:\/\/www.emsp.int\/wp-content\/uploads\/2024\/04\/Ellipse--150x150.png 150w\" sizes=\"(max-width: 596px) 100vw, 596px\" \/>\t\t\t\t\t\t\t\t\t\t\t\t\t\t\t<\/div>\n\t\t\t\t<\/div>\n\t\t\t\t<div class=\"elementor-element elementor-element-d537a00 elementor-absolute elementor-invisible elementor-widget elementor-widget-image\" data-id=\"d537a00\" data-element_type=\"widget\" data-settings=\"{&quot;_position&quot;:&quot;absolute&quot;,&quot;motion_fx_motion_fx_mouse&quot;:&quot;yes&quot;,&quot;motion_fx_mouseTrack_effect&quot;:&quot;yes&quot;,&quot;motion_fx_mouseTrack_direction&quot;:&quot;negative&quot;,&quot;motion_fx_mouseTrack_speed&quot;:{&quot;unit&quot;:&quot;px&quot;,&quot;size&quot;:1.2,&quot;sizes&quot;:[]},&quot;_animation&quot;:&quot;fadeIn&quot;,&quot;_animation_delay&quot;:505}\" data-widget_type=\"image.default\">\n\t\t\t\t<div class=\"elementor-widget-container\">\n\t\t\t\t\t\t\t\t\t\t\t\t\t\t\t<img loading=\"lazy\" decoding=\"async\" width=\"147\" height=\"136\" src=\"https:\/\/www.emsp.int\/wp-content\/uploads\/2023\/09\/forme.png\" class=\"attachment-full size-full wp-image-154\" alt=\"\" \/>\t\t\t\t\t\t\t\t\t\t\t\t\t\t\t<\/div>\n\t\t\t\t<\/div>\n\t\t\t\t<\/div>\n\t\t<div class=\"elementor-element elementor-element-8367120 e-con-full e-flex e-con e-child\" data-id=\"8367120\" data-element_type=\"container\" data-settings=\"{&quot;content_width&quot;:&quot;full&quot;}\">\n\t\t\t\t<div class=\"elementor-element elementor-element-0d3e16b elementor-view-default elementor-position-top elementor-mobile-position-top elementor-widget elementor-widget-icon-box\" data-id=\"0d3e16b\" data-element_type=\"widget\" data-widget_type=\"icon-box.default\">\n\t\t\t\t<div class=\"elementor-widget-container\">\n\t\t\t<link rel=\"stylesheet\" href=\"https:\/\/www.emsp.int\/wp-content\/uploads\/elementor\/css\/custom-widget-icon-box.min.css?ver=1753291122\">\t\t<div class=\"elementor-icon-box-wrapper\">\n\t\t\t\t\t\t<div class=\"elementor-icon-box-icon\">\n\t\t\t\t<span  class=\"elementor-icon elementor-animation-\">\n\t\t\t\t<svg xmlns=\"http:\/\/www.w3.org\/2000\/svg\" width=\"61\" height=\"62\" viewBox=\"0 0 61 62\" fill=\"none\"><path d=\"M30.5 0.40625C36.0176 0.40625 41.1445 1.79785 45.8809 4.58105C50.4707 7.2666 54.1084 10.9043 56.7939 15.4941C59.5771 20.2305 60.9688 25.3574 60.9688 30.875C60.9688 36.3926 59.5771 41.5195 56.7939 46.2559C54.1084 50.8457 50.4707 54.4834 45.8809 57.1689C41.1445 59.9521 36.0176 61.3438 30.5 61.3438C24.9824 61.3438 19.8555 59.9521 15.1191 57.1689C10.5293 54.4834 6.8916 50.8457 4.20605 46.2559C1.42285 41.5195 0.03125 36.3926 0.03125 30.875C0.03125 25.3574 1.42285 20.2305 4.20605 15.4941C6.8916 10.9043 10.5293 7.2666 15.1191 4.58105C19.8555 1.79785 24.9824 0.40625 30.5 0.40625ZM30.5 2.75C25.4219 2.75 20.6855 4.01953 16.291 6.55859C12.043 9.04883 8.67383 12.418 6.18359 16.666C3.64453 21.0605 2.375 25.7969 2.375 30.875C2.375 35.9531 3.64453 40.6895 6.18359 45.084C8.67383 49.332 12.043 52.7012 16.291 55.1914C20.6855 57.7305 25.4219 59 30.5 59C35.5781 59 40.3145 57.7305 44.709 55.1914C48.957 52.7012 52.3262 49.332 54.8164 45.084C57.3555 40.6895 58.625 35.9531 58.625 30.875C58.625 25.7969 57.3555 21.0605 54.8164 16.666C52.3262 12.418 48.957 9.04883 44.709 6.55859C40.3145 4.01953 35.5781 2.75 30.5 2.75ZM30.5 7.4375C34.748 7.4375 38.6787 8.51172 42.292 10.6602C45.8564 12.7109 48.6641 15.5186 50.7148 19.083C52.8633 22.6963 53.9375 26.627 53.9375 30.875C53.9375 35.123 52.8633 39.0537 50.7148 42.667C48.6641 46.2314 45.8564 49.0391 42.292 51.0898C38.6787 53.2383 34.748 54.3125 30.5 54.3125C26.252 54.3125 22.3213 53.2383 18.708 51.0898C15.1436 49.0391 12.3359 46.2314 10.2852 42.667C8.13672 39.0537 7.0625 35.123 7.0625 30.875C7.0625 26.627 8.13672 22.6963 10.2852 19.083C12.3359 15.5186 15.1436 12.7109 18.708 10.6602C22.3213 8.51172 26.252 7.4375 30.5 7.4375ZM30.5 12.125C27.082 12.125 23.9326 12.9795 21.0518 14.6885C18.2197 16.3486 15.9492 18.6191 14.2402 21.5C12.5801 24.332 11.75 27.457 11.75 30.875C11.75 34.293 12.5801 37.4424 14.2402 40.3232C15.9492 43.1553 18.2197 45.4258 21.0518 47.1348C23.9326 48.7949 27.082 49.625 30.5 49.625C33.918 49.625 37.043 48.7949 39.875 47.1348C42.7559 45.4258 45.0264 43.1553 46.6865 40.3232C48.3955 37.4424 49.25 34.293 49.25 30.875C49.25 27.457 48.3955 24.332 46.6865 21.5C45.0264 18.6191 42.7559 16.3486 39.875 14.6885C37.043 12.9795 33.918 12.125 30.5 12.125ZM30.5 16.8125C33.0391 16.8125 35.3828 17.4473 37.5312 18.7168C39.6797 19.9863 41.3887 21.6953 42.6582 23.8438C43.9277 25.9922 44.5625 28.3359 44.5625 30.875C44.5625 33.4141 43.9277 35.7578 42.6582 37.9062C41.3887 40.0547 39.6797 41.7637 37.5312 43.0332C35.3828 44.3027 33.0391 44.9375 30.5 44.9375C27.9609 44.9375 25.6172 44.3027 23.4688 43.0332C21.3203 41.7637 19.6113 40.0547 18.3418 37.9062C17.0723 35.7578 16.4375 33.4141 16.4375 30.875C16.4375 28.3359 17.0723 25.9922 18.3418 23.8438C19.6113 21.6953 21.3203 19.9863 23.4688 18.7168C25.6172 17.4473 27.9609 16.8125 30.5 16.8125ZM30.5 21.5C28.791 21.5 27.2041 21.915 25.7393 22.7451C24.3232 23.5752 23.2002 24.7227 22.3701 26.1875C21.54 27.6035 21.125 29.166 21.125 30.875C21.125 32.584 21.54 34.1709 22.3701 35.6357C23.2002 37.0518 24.3232 38.1748 25.7393 39.0049C27.2041 39.835 28.791 40.25 30.5 40.25C32.209 40.25 33.7715 39.835 35.1875 39.0049C36.6523 38.1748 37.7998 37.0518 38.6299 35.6357C39.46 34.1709 39.875 32.584 39.875 30.875C39.875 29.166 39.46 27.6035 38.6299 26.1875C37.7998 24.7227 36.6523 23.5752 35.1875 22.7451C33.7715 21.915 32.209 21.5 30.5 21.5ZM30.5 26.1875C31.8184 26.1875 32.917 26.6514 33.7959 27.5791C34.7236 28.458 35.1875 29.5566 35.1875 30.875C35.1875 32.1934 34.7236 33.3164 33.7959 34.2441C32.917 35.123 31.8184 35.5625 30.5 35.5625C29.1816 35.5625 28.0586 35.123 27.1309 34.2441C26.252 33.3164 25.8125 32.1934 25.8125 30.875C25.8125 29.5566 26.252 28.458 27.1309 27.5791C28.0586 26.6514 29.1816 26.1875 30.5 26.1875Z\" fill=\"#EF9C00\"><\/path><\/svg>\t\t\t\t<\/span>\n\t\t\t<\/div>\n\t\t\t\t\t\t<div class=\"elementor-icon-box-content\">\n\t\t\t\t<h3 class=\"elementor-icon-box-title\">\n\t\t\t\t\t<span  >\n\t\t\t\t\t\t1.\tLogement\t\t\t\t\t<\/span>\n\t\t\t\t<\/h3>\n\t\t\t\t\t\t\t\t\t<p class=\"elementor-icon-box-description\">\n\t\t\t\t\t\tL\u2019EMSP dispose d\u2019une r\u00e9sidence \u00e9tudiante, situ\u00e9e juste \u00e0 c\u00f4t\u00e9 de l\u2019enceinte de l\u2019\u00e9cole. \nElle dispose d\u2019un dortoir de 40 chambres \u00e9quip\u00e9s chacune de lits d\u2019une place et de ventilateurs. Toutefois, vu ce nombre de places limit\u00e9es, la priorit\u00e9 est accord\u00e9e aux \u00e9trangers. \n\t\t\t\t\t<\/p>\n\t\t\t\t\t\t\t<\/div>\n\t\t<\/div>\n\t\t\t\t<\/div>\n\t\t\t\t<\/div>\n\t\t\t\t<\/div>\n\t\t\t\t\t<\/div>\n\t\t\t\t<\/div>\n\t\t<div class=\"elementor-element elementor-element-b6cdab4 e-flex e-con-boxed e-con e-parent\" data-id=\"b6cdab4\" data-element_type=\"container\" data-settings=\"{&quot;background_background&quot;:&quot;classic&quot;,&quot;content_width&quot;:&quot;boxed&quot;}\" data-core-v316-plus=\"true\">\n\t\t\t\t\t<div class=\"e-con-inner\">\n\t\t<div class=\"elementor-element elementor-element-714c59b e-con-full e-flex e-con e-child\" data-id=\"714c59b\" data-element_type=\"container\" data-settings=\"{&quot;content_width&quot;:&quot;full&quot;}\">\n\t\t\t\t<div class=\"elementor-element elementor-element-2fbcc1d elementor-view-default elementor-position-top elementor-mobile-position-top elementor-widget elementor-widget-icon-box\" data-id=\"2fbcc1d\" data-element_type=\"widget\" data-widget_type=\"icon-box.default\">\n\t\t\t\t<div class=\"elementor-widget-container\">\n\t\t\t\t\t<div class=\"elementor-icon-box-wrapper\">\n\t\t\t\t\t\t<div class=\"elementor-icon-box-icon\">\n\t\t\t\t<span  class=\"elementor-icon elementor-animation-\">\n\t\t\t\t<svg xmlns=\"http:\/\/www.w3.org\/2000\/svg\" width=\"61\" height=\"62\" viewBox=\"0 0 61 62\" fill=\"none\"><path d=\"M30.5 0.40625C36.0176 0.40625 41.1445 1.79785 45.8809 4.58105C50.4707 7.2666 54.1084 10.9043 56.7939 15.4941C59.5771 20.2305 60.9688 25.3574 60.9688 30.875C60.9688 36.3926 59.5771 41.5195 56.7939 46.2559C54.1084 50.8457 50.4707 54.4834 45.8809 57.1689C41.1445 59.9521 36.0176 61.3438 30.5 61.3438C24.9824 61.3438 19.8555 59.9521 15.1191 57.1689C10.5293 54.4834 6.8916 50.8457 4.20605 46.2559C1.42285 41.5195 0.03125 36.3926 0.03125 30.875C0.03125 25.3574 1.42285 20.2305 4.20605 15.4941C6.8916 10.9043 10.5293 7.2666 15.1191 4.58105C19.8555 1.79785 24.9824 0.40625 30.5 0.40625ZM30.5 2.75C25.4219 2.75 20.6855 4.01953 16.291 6.55859C12.043 9.04883 8.67383 12.418 6.18359 16.666C3.64453 21.0605 2.375 25.7969 2.375 30.875C2.375 35.9531 3.64453 40.6895 6.18359 45.084C8.67383 49.332 12.043 52.7012 16.291 55.1914C20.6855 57.7305 25.4219 59 30.5 59C35.5781 59 40.3145 57.7305 44.709 55.1914C48.957 52.7012 52.3262 49.332 54.8164 45.084C57.3555 40.6895 58.625 35.9531 58.625 30.875C58.625 25.7969 57.3555 21.0605 54.8164 16.666C52.3262 12.418 48.957 9.04883 44.709 6.55859C40.3145 4.01953 35.5781 2.75 30.5 2.75ZM30.5 7.4375C34.748 7.4375 38.6787 8.51172 42.292 10.6602C45.8564 12.7109 48.6641 15.5186 50.7148 19.083C52.8633 22.6963 53.9375 26.627 53.9375 30.875C53.9375 35.123 52.8633 39.0537 50.7148 42.667C48.6641 46.2314 45.8564 49.0391 42.292 51.0898C38.6787 53.2383 34.748 54.3125 30.5 54.3125C26.252 54.3125 22.3213 53.2383 18.708 51.0898C15.1436 49.0391 12.3359 46.2314 10.2852 42.667C8.13672 39.0537 7.0625 35.123 7.0625 30.875C7.0625 26.627 8.13672 22.6963 10.2852 19.083C12.3359 15.5186 15.1436 12.7109 18.708 10.6602C22.3213 8.51172 26.252 7.4375 30.5 7.4375ZM30.5 12.125C27.082 12.125 23.9326 12.9795 21.0518 14.6885C18.2197 16.3486 15.9492 18.6191 14.2402 21.5C12.5801 24.332 11.75 27.457 11.75 30.875C11.75 34.293 12.5801 37.4424 14.2402 40.3232C15.9492 43.1553 18.2197 45.4258 21.0518 47.1348C23.9326 48.7949 27.082 49.625 30.5 49.625C33.918 49.625 37.043 48.7949 39.875 47.1348C42.7559 45.4258 45.0264 43.1553 46.6865 40.3232C48.3955 37.4424 49.25 34.293 49.25 30.875C49.25 27.457 48.3955 24.332 46.6865 21.5C45.0264 18.6191 42.7559 16.3486 39.875 14.6885C37.043 12.9795 33.918 12.125 30.5 12.125ZM30.5 16.8125C33.0391 16.8125 35.3828 17.4473 37.5312 18.7168C39.6797 19.9863 41.3887 21.6953 42.6582 23.8438C43.9277 25.9922 44.5625 28.3359 44.5625 30.875C44.5625 33.4141 43.9277 35.7578 42.6582 37.9062C41.3887 40.0547 39.6797 41.7637 37.5312 43.0332C35.3828 44.3027 33.0391 44.9375 30.5 44.9375C27.9609 44.9375 25.6172 44.3027 23.4688 43.0332C21.3203 41.7637 19.6113 40.0547 18.3418 37.9062C17.0723 35.7578 16.4375 33.4141 16.4375 30.875C16.4375 28.3359 17.0723 25.9922 18.3418 23.8438C19.6113 21.6953 21.3203 19.9863 23.4688 18.7168C25.6172 17.4473 27.9609 16.8125 30.5 16.8125ZM30.5 21.5C28.791 21.5 27.2041 21.915 25.7393 22.7451C24.3232 23.5752 23.2002 24.7227 22.3701 26.1875C21.54 27.6035 21.125 29.166 21.125 30.875C21.125 32.584 21.54 34.1709 22.3701 35.6357C23.2002 37.0518 24.3232 38.1748 25.7393 39.0049C27.2041 39.835 28.791 40.25 30.5 40.25C32.209 40.25 33.7715 39.835 35.1875 39.0049C36.6523 38.1748 37.7998 37.0518 38.6299 35.6357C39.46 34.1709 39.875 32.584 39.875 30.875C39.875 29.166 39.46 27.6035 38.6299 26.1875C37.7998 24.7227 36.6523 23.5752 35.1875 22.7451C33.7715 21.915 32.209 21.5 30.5 21.5ZM30.5 26.1875C31.8184 26.1875 32.917 26.6514 33.7959 27.5791C34.7236 28.458 35.1875 29.5566 35.1875 30.875C35.1875 32.1934 34.7236 33.3164 33.7959 34.2441C32.917 35.123 31.8184 35.5625 30.5 35.5625C29.1816 35.5625 28.0586 35.123 27.1309 34.2441C26.252 33.3164 25.8125 32.1934 25.8125 30.875C25.8125 29.5566 26.252 28.458 27.1309 27.5791C28.0586 26.6514 29.1816 26.1875 30.5 26.1875Z\" fill=\"#EF9C00\"><\/path><\/svg>\t\t\t\t<\/span>\n\t\t\t<\/div>\n\t\t\t\t\t\t<div class=\"elementor-icon-box-content\">\n\t\t\t\t<h3 class=\"elementor-icon-box-title\">\n\t\t\t\t\t<span  >\n\t\t\t\t\t\t2.\tRestauration\t\t\t\t\t<\/span>\n\t\t\t\t<\/h3>\n\t\t\t\t\t\t\t\t\t<p class=\"elementor-icon-box-description\">\n\t\t\t\t\t\tL\u2019EMSP dispose \u00e0 son si\u00e8ge d\u2019une cantine qui assure la restauration aux \u00e9l\u00e8ves et \u00e9tudiants, 7 jour sur 7, \u00e0 un tarif \u00e9tudi\u00e9.\t\t\t\t\t<\/p>\n\t\t\t\t\t\t\t<\/div>\n\t\t<\/div>\n\t\t\t\t<\/div>\n\t\t\t\t<\/div>\n\t\t\t\t<\/div>\n\t\t<div class=\"elementor-element elementor-element-61b4087 e-con-full e-flex e-con e-child\" data-id=\"61b4087\" data-element_type=\"container\" data-settings=\"{&quot;content_width&quot;:&quot;full&quot;,&quot;background_background&quot;:&quot;classic&quot;}\">\n\t\t\t\t<div class=\"elementor-element elementor-element-054cac9 elementor-invisible elementor-widget elementor-widget-image\" data-id=\"054cac9\" data-element_type=\"widget\" data-settings=\"{&quot;motion_fx_motion_fx_scrolling&quot;:&quot;yes&quot;,&quot;motion_fx_translateY_effect&quot;:&quot;yes&quot;,&quot;_animation&quot;:&quot;fadeInLeft&quot;,&quot;_animation_delay&quot;:200,&quot;motion_fx_translateY_speed&quot;:{&quot;unit&quot;:&quot;px&quot;,&quot;size&quot;:4,&quot;sizes&quot;:[]},&quot;motion_fx_translateY_affectedRange&quot;:{&quot;unit&quot;:&quot;%&quot;,&quot;size&quot;:&quot;&quot;,&quot;sizes&quot;:{&quot;start&quot;:0,&quot;end&quot;:100}},&quot;motion_fx_devices&quot;:[&quot;desktop&quot;,&quot;laptop&quot;,&quot;tablet&quot;,&quot;mobile&quot;]}\" data-widget_type=\"image.default\">\n\t\t\t\t<div class=\"elementor-widget-container\">\n\t\t\t\t\t\t\t\t\t\t\t\t\t\t\t<img loading=\"lazy\" decoding=\"async\" width=\"596\" height=\"596\" src=\"https:\/\/www.emsp.int\/wp-content\/uploads\/2024\/03\/Ellipse-17.png\" class=\"attachment-full size-full wp-image-2451\" alt=\"\" srcset=\"https:\/\/www.emsp.int\/wp-content\/uploads\/2024\/03\/Ellipse-17.png 596w, https:\/\/www.emsp.int\/wp-content\/uploads\/2024\/03\/Ellipse-17-300x300.png 300w, https:\/\/www.emsp.int\/wp-content\/uploads\/2024\/03\/Ellipse-17-150x150.png 150w\" sizes=\"(max-width: 596px) 100vw, 596px\" \/>\t\t\t\t\t\t\t\t\t\t\t\t\t\t\t<\/div>\n\t\t\t\t<\/div>\n\t\t\t\t<div class=\"elementor-element elementor-element-e4f51b0 elementor-absolute elementor-invisible elementor-widget elementor-widget-image\" data-id=\"e4f51b0\" data-element_type=\"widget\" data-settings=\"{&quot;_position&quot;:&quot;absolute&quot;,&quot;motion_fx_motion_fx_mouse&quot;:&quot;yes&quot;,&quot;motion_fx_mouseTrack_effect&quot;:&quot;yes&quot;,&quot;motion_fx_mouseTrack_direction&quot;:&quot;negative&quot;,&quot;motion_fx_mouseTrack_speed&quot;:{&quot;unit&quot;:&quot;px&quot;,&quot;size&quot;:1.2,&quot;sizes&quot;:[]},&quot;_animation&quot;:&quot;fadeIn&quot;,&quot;_animation_delay&quot;:505}\" data-widget_type=\"image.default\">\n\t\t\t\t<div class=\"elementor-widget-container\">\n\t\t\t\t\t\t\t\t\t\t\t\t\t\t\t<img loading=\"lazy\" decoding=\"async\" width=\"212\" height=\"198\" src=\"https:\/\/www.emsp.int\/wp-content\/uploads\/2023\/09\/forme3.png\" class=\"attachment-full size-full wp-image-193\" alt=\"\" \/>\t\t\t\t\t\t\t\t\t\t\t\t\t\t\t<\/div>\n\t\t\t\t<\/div>\n\t\t\t\t<\/div>\n\t\t\t\t\t<\/div>\n\t\t\t\t<\/div>\n\t\t\t\t\t\t\t<\/div>\n\t\t","protected":false},"excerpt":{"rendered":"<p>VIE SUR LE CAMPUS 1. Logement L\u2019EMSP dispose d\u2019une r\u00e9sidence \u00e9tudiante, situ\u00e9e juste \u00e0 c\u00f4t\u00e9 de l\u2019enceinte de l\u2019\u00e9cole. Elle dispose d\u2019un dortoir de 40 chambres \u00e9quip\u00e9s chacune de lits d\u2019une place et de ventilateurs. Toutefois, vu ce nombre de places limit\u00e9es, la priorit\u00e9 est accord\u00e9e aux \u00e9trangers. 2. Restauration L\u2019EMSP dispose \u00e0 son si\u00e8ge [&hellip;]<\/p>\n","protected":false},"author":1,"featured_media":0,"parent":0,"menu_order":0,"comment_status":"closed","ping_status":"closed","template":"","meta":{"footnotes":""},"acf":[],"jetpack_sharing_enabled":true,"_links":{"self":[{"href":"https:\/\/www.emsp.int\/index.php\/wp-json\/wp\/v2\/pages\/2350"}],"collection":[{"href":"https:\/\/www.emsp.int\/index.php\/wp-json\/wp\/v2\/pages"}],"about":[{"href":"https:\/\/www.emsp.int\/index.php\/wp-json\/wp\/v2\/types\/page"}],"author":[{"embeddable":true,"href":"https:\/\/www.emsp.int\/index.php\/wp-json\/wp\/v2\/users\/1"}],"replies":[{"embeddable":true,"href":"https:\/\/www.emsp.int\/index.php\/wp-json\/wp\/v2\/comments?post=2350"}],"version-history":[{"count":16,"href":"https:\/\/www.emsp.int\/index.php\/wp-json\/wp\/v2\/pages\/2350\/revisions"}],"predecessor-version":[{"id":3100,"href":"https:\/\/www.emsp.int\/index.php\/wp-json\/wp\/v2\/pages\/2350\/revisions\/3100"}],"wp:attachment":[{"href":"https:\/\/www.emsp.int\/index.php\/wp-json\/wp\/v2\/media?parent=2350"}],"curies":[{"name":"wp","href":"https:\/\/api.w.org\/{rel}","templated":true}]}}