{"id":2368,"date":"2024-03-28T11:00:22","date_gmt":"2024-03-28T11:00:22","guid":{"rendered":"https:\/\/www.emsp.int\/?page_id=2368"},"modified":"2024-10-11T13:42:39","modified_gmt":"2024-10-11T13:42:39","slug":"soins-et-visites-medicaux","status":"publish","type":"page","link":"https:\/\/www.emsp.int\/index.php\/soins-et-visites-medicaux\/","title":{"rendered":"VISITES ET SOINS M\u00c9DICAUX"},"content":{"rendered":"\t\t<div data-elementor-type=\"wp-page\" data-elementor-id=\"2368\" class=\"elementor elementor-2368\" data-elementor-post-type=\"page\">\n\t\t\t\t\t\t\t<div class=\"elementor-element elementor-element-309b68f e-flex e-con-boxed e-con e-parent\" data-id=\"309b68f\" data-element_type=\"container\" data-settings=\"{&quot;background_background&quot;:&quot;classic&quot;,&quot;content_width&quot;:&quot;boxed&quot;}\" data-core-v316-plus=\"true\">\n\t\t\t\t\t<div class=\"e-con-inner\">\n\t\t\t\t<div class=\"elementor-element elementor-element-8429374 elementor-widget elementor-widget-heading\" data-id=\"8429374\" data-element_type=\"widget\" data-widget_type=\"heading.default\">\n\t\t\t\t<div class=\"elementor-widget-container\">\n\t\t\t<style>\/*! elementor - v3.16.0 - 20-09-2023 *\/\n.elementor-heading-title{padding:0;margin:0;line-height:1}.elementor-widget-heading .elementor-heading-title[class*=elementor-size-]>a{color:inherit;font-size:inherit;line-height:inherit}.elementor-widget-heading .elementor-heading-title.elementor-size-small{font-size:15px}.elementor-widget-heading .elementor-heading-title.elementor-size-medium{font-size:19px}.elementor-widget-heading .elementor-heading-title.elementor-size-large{font-size:29px}.elementor-widget-heading .elementor-heading-title.elementor-size-xl{font-size:39px}.elementor-widget-heading .elementor-heading-title.elementor-size-xxl{font-size:59px}<\/style><h2 class=\"elementor-heading-title elementor-size-default\">SOINS ET VISITES MEDICAUX<\/h2>\t\t<\/div>\n\t\t\t\t<\/div>\n\t\t\t\t\t<\/div>\n\t\t\t\t<\/div>\n\t\t<div class=\"elementor-element elementor-element-48d0540 e-flex e-con-boxed e-con e-parent\" data-id=\"48d0540\" data-element_type=\"container\" data-settings=\"{&quot;content_width&quot;:&quot;boxed&quot;}\" data-core-v316-plus=\"true\">\n\t\t\t\t\t<div class=\"e-con-inner\">\n\t\t<div class=\"elementor-element elementor-element-1453052 e-con-full e-flex e-con e-child\" data-id=\"1453052\" data-element_type=\"container\" data-settings=\"{&quot;content_width&quot;:&quot;full&quot;,&quot;background_background&quot;:&quot;classic&quot;}\">\n\t\t\t\t<div class=\"elementor-element elementor-element-2ee0d2e elementor-invisible elementor-widget elementor-widget-image\" data-id=\"2ee0d2e\" data-element_type=\"widget\" data-settings=\"{&quot;motion_fx_motion_fx_scrolling&quot;:&quot;yes&quot;,&quot;motion_fx_translateY_effect&quot;:&quot;yes&quot;,&quot;_animation&quot;:&quot;fadeInLeft&quot;,&quot;_animation_delay&quot;:200,&quot;motion_fx_translateY_speed&quot;:{&quot;unit&quot;:&quot;px&quot;,&quot;size&quot;:4,&quot;sizes&quot;:[]},&quot;motion_fx_translateY_affectedRange&quot;:{&quot;unit&quot;:&quot;%&quot;,&quot;size&quot;:&quot;&quot;,&quot;sizes&quot;:{&quot;start&quot;:0,&quot;end&quot;:100}},&quot;motion_fx_devices&quot;:[&quot;desktop&quot;,&quot;laptop&quot;,&quot;tablet&quot;,&quot;mobile&quot;]}\" data-widget_type=\"image.default\">\n\t\t\t\t<div class=\"elementor-widget-container\">\n\t\t\t<style>\/*! elementor - v3.16.0 - 20-09-2023 *\/\n.elementor-widget-image{text-align:center}.elementor-widget-image a{display:inline-block}.elementor-widget-image a img[src$=\".svg\"]{width:48px}.elementor-widget-image img{vertical-align:middle;display:inline-block}<\/style>\t\t\t\t\t\t\t\t\t\t\t\t<img loading=\"lazy\" decoding=\"async\" width=\"596\" height=\"596\" src=\"https:\/\/www.emsp.int\/wp-content\/uploads\/2024\/04\/Ellipse-16.png\" class=\"attachment-full size-full wp-image-2487\" alt=\"\" srcset=\"https:\/\/www.emsp.int\/wp-content\/uploads\/2024\/04\/Ellipse-16.png 596w, https:\/\/www.emsp.int\/wp-content\/uploads\/2024\/04\/Ellipse-16-300x300.png 300w, https:\/\/www.emsp.int\/wp-content\/uploads\/2024\/04\/Ellipse-16-150x150.png 150w\" sizes=\"(max-width: 596px) 100vw, 596px\" \/>\t\t\t\t\t\t\t\t\t\t\t\t\t\t\t<\/div>\n\t\t\t\t<\/div>\n\t\t\t\t<div class=\"elementor-element elementor-element-b92ad90 elementor-absolute elementor-invisible elementor-widget elementor-widget-image\" data-id=\"b92ad90\" data-element_type=\"widget\" data-settings=\"{&quot;_position&quot;:&quot;absolute&quot;,&quot;motion_fx_motion_fx_mouse&quot;:&quot;yes&quot;,&quot;motion_fx_mouseTrack_effect&quot;:&quot;yes&quot;,&quot;motion_fx_mouseTrack_direction&quot;:&quot;negative&quot;,&quot;motion_fx_mouseTrack_speed&quot;:{&quot;unit&quot;:&quot;px&quot;,&quot;size&quot;:1.2,&quot;sizes&quot;:[]},&quot;_animation&quot;:&quot;fadeIn&quot;,&quot;_animation_delay&quot;:505}\" data-widget_type=\"image.default\">\n\t\t\t\t<div class=\"elementor-widget-container\">\n\t\t\t\t\t\t\t\t\t\t\t\t\t\t\t<img loading=\"lazy\" decoding=\"async\" width=\"147\" height=\"136\" src=\"https:\/\/www.emsp.int\/wp-content\/uploads\/2023\/09\/forme.png\" class=\"attachment-full size-full wp-image-154\" alt=\"\" \/>\t\t\t\t\t\t\t\t\t\t\t\t\t\t\t<\/div>\n\t\t\t\t<\/div>\n\t\t\t\t<\/div>\n\t\t<div class=\"elementor-element elementor-element-0d4f2f3 e-con-full e-flex e-con e-child\" data-id=\"0d4f2f3\" data-element_type=\"container\" data-settings=\"{&quot;content_width&quot;:&quot;full&quot;}\">\n\t\t\t\t<div class=\"elementor-element elementor-element-7289758 elementor-view-default elementor-position-top elementor-mobile-position-top elementor-widget elementor-widget-icon-box\" data-id=\"7289758\" data-element_type=\"widget\" data-widget_type=\"icon-box.default\">\n\t\t\t\t<div class=\"elementor-widget-container\">\n\t\t\t<link rel=\"stylesheet\" href=\"https:\/\/www.emsp.int\/wp-content\/uploads\/elementor\/css\/custom-widget-icon-box.min.css?ver=1753291122\">\t\t<div class=\"elementor-icon-box-wrapper\">\n\t\t\t\t\t\t<div class=\"elementor-icon-box-icon\">\n\t\t\t\t<span  class=\"elementor-icon elementor-animation-\">\n\t\t\t\t<svg xmlns=\"http:\/\/www.w3.org\/2000\/svg\" width=\"61\" height=\"57\" viewBox=\"0 0 61 57\" fill=\"none\"><path d=\"M30.5 0.75L60.9688 7.78125V12.4688L30.5 5.4375L0.03125 12.4688V7.78125L30.5 0.75ZM16.4375 14.8125C19.3672 14.8125 22.4189 15.2275 25.5928 16.0576C27.3506 16.4971 28.9863 17.0098 30.5 17.5957C32.0137 17.0098 33.6494 16.4971 35.4072 16.0576C38.5811 15.2275 41.6328 14.8125 44.5625 14.8125C46.8086 14.8125 49.2256 15.0811 51.8135 15.6182C53.6689 16.0088 55.5 16.4971 57.3066 17.083L59.5039 17.8887L60.9688 18.5479V54.6562H34.5283C34.0889 55.3887 33.5029 55.9746 32.7705 56.4141C32.0869 56.8047 31.3301 57 30.5 57C29.6699 57 28.8887 56.8047 28.1562 56.4141C27.4727 55.9746 26.9111 55.3887 26.4717 54.6562H0.03125V18.5479L1.49609 17.8887L3.69336 17.083C5.5 16.4971 7.33105 16.0088 9.18652 15.6182C11.7744 15.0811 14.1914 14.8125 16.4375 14.8125ZM16.4375 19.5C12.8242 19.5 8.91797 20.2568 4.71875 21.7705V47.8447C8.86914 46.4775 12.7754 45.7939 16.4375 45.7939C20.0996 45.7939 24.0059 46.4775 28.1562 47.8447V21.7705C23.7617 20.2568 19.8555 19.5 16.4375 19.5ZM44.5625 19.5C41.1445 19.5 37.2383 20.2568 32.8438 21.7705V47.8447C36.9941 46.4775 40.9004 45.7939 44.5625 45.7939C48.2246 45.7939 52.1309 46.4775 56.2812 47.8447V21.7705C52.082 20.2568 48.1758 19.5 44.5625 19.5Z\" fill=\"#EF9C00\"><\/path><\/svg>\t\t\t\t<\/span>\n\t\t\t<\/div>\n\t\t\t\t\t\t<div class=\"elementor-icon-box-content\">\n\t\t\t\t<h3 class=\"elementor-icon-box-title\">\n\t\t\t\t\t<span  >\n\t\t\t\t\t\tSOINS ET VISITES MEDICAUX\t\t\t\t\t<\/span>\n\t\t\t\t<\/h3>\n\t\t\t\t\t\t\t\t\t<p class=\"elementor-icon-box-description\">\n\t\t\t\t\t\tEn d\u00e9but d\u2019ann\u00e9e tous les \u00e9tudiants inscrits en premi\u00e8re ann\u00e9e des FS MENUM sont obligatoirement soumis \u00e0 une visite m\u00e9dicale d\u2019aptitude (physique, urines, radiographie) organis\u00e9e par l\u2019Ecole.\nEt en cours d\u2019ann\u00e9e scolaire, tous les \u00e9l\u00e8ves et \u00e9tudiants de l\u2019EMSP ont acc\u00e8s au service conventionn\u00e9 d\u2019infirmerie de l'EMSP aux horaires \u00e9tablis, pour les petits soins n\u00e9cessitant une intervention d\u2019urgence.\t\t\t\t\t<\/p>\n\t\t\t\t\t\t\t<\/div>\n\t\t<\/div>\n\t\t\t\t<\/div>\n\t\t\t\t<\/div>\n\t\t\t\t<\/div>\n\t\t\t\t\t<\/div>\n\t\t\t\t<\/div>\n\t\t\t\t\t\t\t<\/div>\n\t\t","protected":false},"excerpt":{"rendered":"<p>SOINS ET VISITES MEDICAUX SOINS ET VISITES MEDICAUX En d\u00e9but d\u2019ann\u00e9e tous les \u00e9tudiants inscrits en premi\u00e8re ann\u00e9e des FS MENUM sont obligatoirement soumis \u00e0 une visite m\u00e9dicale d\u2019aptitude (physique, urines, radiographie) organis\u00e9e par l\u2019Ecole. Et en cours d\u2019ann\u00e9e scolaire, tous les \u00e9l\u00e8ves et \u00e9tudiants de l\u2019EMSP ont acc\u00e8s au service conventionn\u00e9 d\u2019infirmerie de l&#8217;EMSP [&hellip;]<\/p>\n","protected":false},"author":1,"featured_media":0,"parent":0,"menu_order":0,"comment_status":"closed","ping_status":"closed","template":"","meta":{"footnotes":""},"acf":[],"jetpack_sharing_enabled":true,"_links":{"self":[{"href":"https:\/\/www.emsp.int\/index.php\/wp-json\/wp\/v2\/pages\/2368"}],"collection":[{"href":"https:\/\/www.emsp.int\/index.php\/wp-json\/wp\/v2\/pages"}],"about":[{"href":"https:\/\/www.emsp.int\/index.php\/wp-json\/wp\/v2\/types\/page"}],"author":[{"embeddable":true,"href":"https:\/\/www.emsp.int\/index.php\/wp-json\/wp\/v2\/users\/1"}],"replies":[{"embeddable":true,"href":"https:\/\/www.emsp.int\/index.php\/wp-json\/wp\/v2\/comments?post=2368"}],"version-history":[{"count":21,"href":"https:\/\/www.emsp.int\/index.php\/wp-json\/wp\/v2\/pages\/2368\/revisions"}],"predecessor-version":[{"id":3752,"href":"https:\/\/www.emsp.int\/index.php\/wp-json\/wp\/v2\/pages\/2368\/revisions\/3752"}],"wp:attachment":[{"href":"https:\/\/www.emsp.int\/index.php\/wp-json\/wp\/v2\/media?parent=2368"}],"curies":[{"name":"wp","href":"https:\/\/api.w.org\/{rel}","templated":true}]}}