{"id":3753,"date":"2024-10-11T13:44:00","date_gmt":"2024-10-11T13:44:00","guid":{"rendered":"https:\/\/www.emsp.int\/?page_id=3753"},"modified":"2025-04-27T21:20:24","modified_gmt":"2025-04-27T21:20:24","slug":"stages","status":"publish","type":"page","link":"https:\/\/www.emsp.int\/index.php\/stages\/","title":{"rendered":"STAGES"},"content":{"rendered":"\t\t<div data-elementor-type=\"wp-page\" data-elementor-id=\"3753\" class=\"elementor elementor-3753\" data-elementor-post-type=\"page\">\n\t\t\t\t\t\t\t<div class=\"elementor-element elementor-element-9752936 e-flex e-con-boxed e-con e-parent\" data-id=\"9752936\" data-element_type=\"container\" data-settings=\"{&quot;content_width&quot;:&quot;boxed&quot;}\" data-core-v316-plus=\"true\">\n\t\t\t\t\t<div class=\"e-con-inner\">\n\t\t<div class=\"elementor-element elementor-element-591569f e-flex e-con-boxed e-con e-child\" data-id=\"591569f\" data-element_type=\"container\" data-settings=\"{&quot;content_width&quot;:&quot;boxed&quot;}\">\n\t\t\t\t\t<div class=\"e-con-inner\">\n\t\t\t\t<div class=\"elementor-element elementor-element-c583535 elementor-widget elementor-widget-text-editor\" data-id=\"c583535\" data-element_type=\"widget\" data-widget_type=\"text-editor.default\">\n\t\t\t\t<div class=\"elementor-widget-container\">\n\t\t\t<style>\/*! elementor - v3.16.0 - 20-09-2023 *\/\n.elementor-widget-text-editor.elementor-drop-cap-view-stacked .elementor-drop-cap{background-color:#69727d;color:#fff}.elementor-widget-text-editor.elementor-drop-cap-view-framed .elementor-drop-cap{color:#69727d;border:3px solid;background-color:transparent}.elementor-widget-text-editor:not(.elementor-drop-cap-view-default) .elementor-drop-cap{margin-top:8px}.elementor-widget-text-editor:not(.elementor-drop-cap-view-default) .elementor-drop-cap-letter{width:1em;height:1em}.elementor-widget-text-editor .elementor-drop-cap{float:left;text-align:center;line-height:1;font-size:50px}.elementor-widget-text-editor .elementor-drop-cap-letter{display:inline-block}<\/style>\t\t\t\t<p><strong>Politique de stage de l\u2019EMSP<\/strong><\/p><p><strong>1. Objectif du stage<\/strong><\/p><p>Le stage constitue une composante essentielle de la formation dispens\u00e9e au niveau de l\u2019EMSP d\u2019Abidjan, pour les niveaux ci-apr\u00e8s : <br \/>&#8211; Le cycle de formation des Inspecteurs des Postes et Services Financiers<br \/>&#8211; Le cycle de formation des Contr\u00f4leurs des Postes et Services Financiers<br \/>&#8211; La Licence 2 des FS MENUM de l\u2019EMSP<br \/>&#8211; La Licence 3 des FS MENUM de l\u2019EMSP<br \/>Ce stage permet aux \u00e9l\u00e8ves et \u00e9tudiants de mettre en pratique les connaissances acquises, de d\u00e9couvrir le fonctionnement d\u2019un environnement professionnel r\u00e9el et de d\u00e9velopper des comp\u00e9tences techniques, relationnelles et organisationnelles.<\/p><p><strong>2. Caract\u00e8re obligatoire<\/strong><\/p><p>Le stage est obligatoire pour tous les \u00e9l\u00e8ves et \u00e9tudiants inscrits aux niveaux de formation ci-dessus \u00e9num\u00e9r\u00e9s, et constitue une condition indispensable \u00e0 la validation du dipl\u00f4me. Il est int\u00e9gr\u00e9 dans le programme p\u00e9dagogique sous forme de cr\u00e9dits ECTS ou d\u2019une note comptant dans l\u2019\u00e9valuation finale.<\/p><p><strong>3. Dur\u00e9e et p\u00e9riode<\/strong><\/p><p>La dur\u00e9e minimale du stage est fix\u00e9e \u00e0 : <br \/>&#8211; 1 mois, pour le cycle de formation des Inspecteurs des Postes et Services Financiers <br \/>&#8211; 2 mois, pour le cycle de formation des Contr\u00f4leurs des Postes et Services Financiers <br \/>&#8211; 1 mois, pour la Licence 2 des FS MENUM de l\u2019EMSP <br \/>&#8211; 3 mois, pour la Licence 3 des FS MENUM de l\u2019EMSP <br \/>Il se d\u00e9roule g\u00e9n\u00e9ralement durant les derniers mois de l\u2019ann\u00e9e acad\u00e9mique, selon le calendrier acad\u00e9mique.<\/p><p><strong>4. Recherche du stage<\/strong><\/p><p>L\u2019\u00e9tablissement aide les \u00e9l\u00e8ves et \u00e9tudiants \u00e0 trouver un lieu de stage.<\/p><p><strong>5. Encadrement<\/strong><\/p><p>Chaque \u00e9tudiant est suivi pendant son stage par un tuteur professionnel, d\u00e9sign\u00e9 au sein de l\u2019entreprise ou de l\u2019organisation d\u2019accueil.<\/p><p><strong>6. \u00c9valuation<\/strong><\/p><p>Le stage donne lieu \u00e0 la r\u00e9daction d\u2019un rapport de stage, \u00e9valu\u00e9 par un jury. Une soutenance orale peut \u00e9galement \u00eatre organis\u00e9e selon les exigences de la fili\u00e8re. L\u2019\u00e9valuation prend en compte <\/p>\t\t\t\t\t\t<\/div>\n\t\t\t\t<\/div>\n\t\t\t\t\t<\/div>\n\t\t\t\t<\/div>\n\t\t\t\t\t<\/div>\n\t\t\t\t<\/div>\n\t\t\t\t\t\t\t<\/div>\n\t\t","protected":false},"excerpt":{"rendered":"<p>Politique de stage de l\u2019EMSP 1. Objectif du stage Le stage constitue une composante essentielle de la formation dispens\u00e9e au niveau de l\u2019EMSP d\u2019Abidjan, pour les niveaux ci-apr\u00e8s : &#8211; Le cycle de formation des Inspecteurs des Postes et Services Financiers&#8211; Le cycle de formation des Contr\u00f4leurs des Postes et Services Financiers&#8211; La Licence 2 [&hellip;]<\/p>\n","protected":false},"author":1,"featured_media":0,"parent":0,"menu_order":0,"comment_status":"closed","ping_status":"closed","template":"","meta":{"footnotes":""},"acf":[],"jetpack_sharing_enabled":true,"_links":{"self":[{"href":"https:\/\/www.emsp.int\/index.php\/wp-json\/wp\/v2\/pages\/3753"}],"collection":[{"href":"https:\/\/www.emsp.int\/index.php\/wp-json\/wp\/v2\/pages"}],"about":[{"href":"https:\/\/www.emsp.int\/index.php\/wp-json\/wp\/v2\/types\/page"}],"author":[{"embeddable":true,"href":"https:\/\/www.emsp.int\/index.php\/wp-json\/wp\/v2\/users\/1"}],"replies":[{"embeddable":true,"href":"https:\/\/www.emsp.int\/index.php\/wp-json\/wp\/v2\/comments?post=3753"}],"version-history":[{"count":4,"href":"https:\/\/www.emsp.int\/index.php\/wp-json\/wp\/v2\/pages\/3753\/revisions"}],"predecessor-version":[{"id":3848,"href":"https:\/\/www.emsp.int\/index.php\/wp-json\/wp\/v2\/pages\/3753\/revisions\/3848"}],"wp:attachment":[{"href":"https:\/\/www.emsp.int\/index.php\/wp-json\/wp\/v2\/media?parent=3753"}],"curies":[{"name":"wp","href":"https:\/\/api.w.org\/{rel}","templated":true}]}}