{"id":3755,"date":"2024-10-11T13:44:40","date_gmt":"2024-10-11T13:44:40","guid":{"rendered":"https:\/\/www.emsp.int\/?page_id=3755"},"modified":"2025-04-27T20:00:33","modified_gmt":"2025-04-27T20:00:33","slug":"scolarite","status":"publish","type":"page","link":"https:\/\/www.emsp.int\/index.php\/scolarite\/","title":{"rendered":"SCOLARITE"},"content":{"rendered":"\t\t<div data-elementor-type=\"wp-page\" data-elementor-id=\"3755\" class=\"elementor elementor-3755\" data-elementor-post-type=\"page\">\n\t\t\t\t\t\t\t<div class=\"elementor-element elementor-element-bec2a0d e-flex e-con-boxed e-con e-parent\" data-id=\"bec2a0d\" data-element_type=\"container\" data-settings=\"{&quot;content_width&quot;:&quot;boxed&quot;}\" data-core-v316-plus=\"true\">\n\t\t\t\t\t<div class=\"e-con-inner\">\n\t\t\t\t<div class=\"elementor-element elementor-element-fecaefa elementor-widget elementor-widget-text-editor\" data-id=\"fecaefa\" data-element_type=\"widget\" data-widget_type=\"text-editor.default\">\n\t\t\t\t<div class=\"elementor-widget-container\">\n\t\t\t<style>\/*! elementor - v3.16.0 - 20-09-2023 *\/\n.elementor-widget-text-editor.elementor-drop-cap-view-stacked .elementor-drop-cap{background-color:#69727d;color:#fff}.elementor-widget-text-editor.elementor-drop-cap-view-framed .elementor-drop-cap{color:#69727d;border:3px solid;background-color:transparent}.elementor-widget-text-editor:not(.elementor-drop-cap-view-default) .elementor-drop-cap{margin-top:8px}.elementor-widget-text-editor:not(.elementor-drop-cap-view-default) .elementor-drop-cap-letter{width:1em;height:1em}.elementor-widget-text-editor .elementor-drop-cap{float:left;text-align:center;line-height:1;font-size:50px}.elementor-widget-text-editor .elementor-drop-cap-letter{display:inline-block}<\/style>\t\t\t\t<p>1. Offres de formation<\/p><p><a href=\"https:\/\/www.emsp.int\/\/index.php\/formations\/\">https:\/\/www.emsp.int\/\/index.php\/formations<\/a>\/<\/p><p>2. Conditions d\u2019admission<\/p><p><a href=\"https:\/\/www.emsp.int\/\/index.php\/admission-aux-fcp\/\">https:\/\/www.emsp.int\/\/index.php\/admission-aux-fcp\/<\/a><\/p><p>3. Autres renseignements sur la scolarit\u00e9<\/p><p>Pour tous renseignements suppl\u00e9mentaires sur la scolarit\u00e9, merci de contacter le service scolarit\u00e9 de l\u2019EMSP <\/p>\t\t\t\t\t\t<\/div>\n\t\t\t\t<\/div>\n\t\t\t\t\t<\/div>\n\t\t\t\t<\/div>\n\t\t\t\t\t\t\t<\/div>\n\t\t","protected":false},"excerpt":{"rendered":"<p>1. Offres de formation https:\/\/www.emsp.int\/index.php\/formations\/ 2. Conditions d\u2019admission https:\/\/www.emsp.int\/index.php\/admission-aux-fcp\/ 3. Autres renseignements sur la scolarit\u00e9 Pour tous renseignements suppl\u00e9mentaires sur la scolarit\u00e9, merci de contacter le service scolarit\u00e9 de l\u2019EMSP<\/p>\n","protected":false},"author":1,"featured_media":0,"parent":0,"menu_order":0,"comment_status":"closed","ping_status":"closed","template":"","meta":{"footnotes":""},"acf":[],"jetpack_sharing_enabled":true,"_links":{"self":[{"href":"https:\/\/www.emsp.int\/index.php\/wp-json\/wp\/v2\/pages\/3755"}],"collection":[{"href":"https:\/\/www.emsp.int\/index.php\/wp-json\/wp\/v2\/pages"}],"about":[{"href":"https:\/\/www.emsp.int\/index.php\/wp-json\/wp\/v2\/types\/page"}],"author":[{"embeddable":true,"href":"https:\/\/www.emsp.int\/index.php\/wp-json\/wp\/v2\/users\/1"}],"replies":[{"embeddable":true,"href":"https:\/\/www.emsp.int\/index.php\/wp-json\/wp\/v2\/comments?post=3755"}],"version-history":[{"count":4,"href":"https:\/\/www.emsp.int\/index.php\/wp-json\/wp\/v2\/pages\/3755\/revisions"}],"predecessor-version":[{"id":3844,"href":"https:\/\/www.emsp.int\/index.php\/wp-json\/wp\/v2\/pages\/3755\/revisions\/3844"}],"wp:attachment":[{"href":"https:\/\/www.emsp.int\/index.php\/wp-json\/wp\/v2\/media?parent=3755"}],"curies":[{"name":"wp","href":"https:\/\/api.w.org\/{rel}","templated":true}]}}